{"id":5374,"date":"2022-04-04T08:46:52","date_gmt":"2022-04-04T08:46:52","guid":{"rendered":"https:\/\/www.rolldrap.com\/non class\u00e9\/chiffons-multi-usages-blanc-bordeaux\/"},"modified":"2022-04-04T08:46:52","modified_gmt":"2022-04-04T08:46:52","slug":"chiffons-multi-usages-blanc-bordeaux","status":"publish","type":"product","link":"https:\/\/www.rolldrap.com\/fr\/nettoie-et-prend-soin-de-votre-maison\/chiffons\/chiffons-multi-usages-blanc-bordeaux\/","title":{"rendered":"Chiffons multi-usages &#8211; blanc\/bordeaux"},"content":{"rendered":"<p>Les chiffons de cuisine ROLL DRAP multi-usages sont la meilleure option pour nettoyer et faire briller la verrerie, la vaisselle et les couverts. Ces chiffons de cuisine blancs avec motif bordeaux sont enti\u00e8rement fabriqu\u00e9s avec des fibres naturelles et des finitions techniques et innovantes, offrant ainsi une solution textile durable et professionnelle adapt\u00e9e \u00e0 tout espace de nettoyage au quotidien. <\/p>\n<p>Chez ROLL DRAP, nous fabriquons 100 % de nos produits dans nos installations de Barcelone (Espagne), en misant totalement sur les fibres naturelles. Nous avons \u00e9limin\u00e9 le polyester des compositions de nos tissus de toutes nos gammes de produits afin de r\u00e9duire l\u2019impact environnemental. <\/p>\n","protected":false},"excerpt":{"rendered":"<p>Les chiffons de cuisine ROLL DRAP multi-usages sont la meilleure option pour nettoyer et faire briller la verrerie, la vaisselle et les couverts. Ces chiffons de cuisine blancs avec motif bordeaux sont enti\u00e8rement fabriqu\u00e9s avec des fibres naturelles et des finitions techniques et innovantes, offrant ainsi une solution textile durable et professionnelle adapt\u00e9e \u00e0 tout [&hellip;]<\/p>\n","protected":false},"featured_media":2275,"comment_status":"closed","ping_status":"closed","template":"","meta":{"_acf_changed":false},"product_brand":[],"product_cat":[191,213,214,190,194],"product_tag":[],"class_list":{"0":"post-5374","1":"product","2":"type-product","3":"status-publish","4":"has-post-thumbnail","6":"product_cat-chiffons","7":"product_cat-chiffons-en-coton","8":"product_cat-chiffons-multi-usages","9":"product_cat-nettoie-et-prend-soin-de-votre-maison","10":"product_cat-professionnel","11":"pa_formato-lot-de-2-unites-fr","12":"pa_formato-rouleau-de-10-unites","13":"product_size-petit","14":"product_model_color-chiffons-multi-usages-a-motif","15":"product_color-bordeaux","16":"product_details-100-coton","17":"product_details-absorption-maximale","18":"product_details-ne-peluche-pas","19":"product_details-reutilisable","20":"product_details-sans-coutures-plus-hygienique","21":"product_care-laver-en-machine-a-une-temperature-maximale-de-40-oc","22":"product_care-ne-pas-secher-en-machine","23":"product_care-ne-pas-utiliser-deau-de-javel","24":"product_care-peut-etre-repasse-a-haute-temperature-max-200-oc","26":"first","27":"instock","28":"taxable","29":"shipping-taxable","30":"purchasable","31":"product-type-variable"},"acf":[],"yoast_head":"<!-- This site is optimized with the Yoast SEO plugin v27.6 - https:\/\/yoast.com\/product\/yoast-seo-wordpress\/ -->\n<title>Chiffons multi-usages - blanc\/bordeaux &#8211; Roll Drap<\/title>\n<meta name=\"robots\" content=\"index, follow, max-snippet:-1, max-image-preview:large, max-video-preview:-1\" \/>\n<link rel=\"canonical\" href=\"https:\/\/www.rolldrap.com\/fr\/nettoie-et-prend-soin-de-votre-maison\/chiffons\/chiffons-multi-usages-blanc-bordeaux\/\" \/>\n<meta property=\"og:locale\" content=\"fr_FR\" \/>\n<meta property=\"og:type\" content=\"article\" \/>\n<meta property=\"og:title\" content=\"Chiffons multi-usages - blanc\/bordeaux &#8211; Roll Drap\" \/>\n<meta property=\"og:description\" content=\"Les chiffons de cuisine ROLL DRAP multi-usages sont la meilleure option pour nettoyer et faire briller la verrerie, la vaisselle et les couverts. Ces chiffons de cuisine blancs avec motif bordeaux sont enti\u00e8rement fabriqu\u00e9s avec des fibres naturelles et des finitions techniques et innovantes, offrant ainsi une solution textile durable et professionnelle adapt\u00e9e \u00e0 tout [&hellip;]\" \/>\n<meta property=\"og:url\" content=\"https:\/\/www.rolldrap.com\/fr\/nettoie-et-prend-soin-de-votre-maison\/chiffons\/chiffons-multi-usages-blanc-bordeaux\/\" \/>\n<meta property=\"og:site_name\" content=\"Roll Drap\" \/>\n<meta property=\"og:image\" content=\"https:\/\/www.rolldrap.com\/wp-content\/uploads\/2022\/04\/pn4064a03-101l-r03n-01-b-scaled.jpeg\" \/>\n\t<meta property=\"og:image:width\" content=\"3000\" \/>\n\t<meta property=\"og:image:height\" content=\"2000\" \/>\n\t<meta property=\"og:image:type\" content=\"image\/jpeg\" \/>\n<meta name=\"twitter:card\" content=\"summary_large_image\" \/>\n<meta name=\"twitter:label1\" content=\"Dur\u00e9e de lecture estim\u00e9e\" \/>\n\t<meta name=\"twitter:data1\" content=\"1 minute\" \/>\n<script type=\"application\/ld+json\" class=\"yoast-schema-graph\">{\"@context\":\"https:\\\/\\\/schema.org\",\"@graph\":[{\"@type\":\"WebPage\",\"@id\":\"https:\\\/\\\/www.rolldrap.com\\\/fr\\\/nettoie-et-prend-soin-de-votre-maison\\\/chiffons\\\/chiffons-multi-usages-blanc-bordeaux\\\/\",\"url\":\"https:\\\/\\\/www.rolldrap.com\\\/fr\\\/nettoie-et-prend-soin-de-votre-maison\\\/chiffons\\\/chiffons-multi-usages-blanc-bordeaux\\\/\",\"name\":\"Chiffons multi-usages - blanc\\\/bordeaux &#8211; Roll Drap\",\"isPartOf\":{\"@id\":\"https:\\\/\\\/www.rolldrap.com\\\/fr\\\/#website\"},\"primaryImageOfPage\":{\"@id\":\"https:\\\/\\\/www.rolldrap.com\\\/fr\\\/nettoie-et-prend-soin-de-votre-maison\\\/chiffons\\\/chiffons-multi-usages-blanc-bordeaux\\\/#primaryimage\"},\"image\":{\"@id\":\"https:\\\/\\\/www.rolldrap.com\\\/fr\\\/nettoie-et-prend-soin-de-votre-maison\\\/chiffons\\\/chiffons-multi-usages-blanc-bordeaux\\\/#primaryimage\"},\"thumbnailUrl\":\"https:\\\/\\\/www.rolldrap.com\\\/wp-content\\\/uploads\\\/2022\\\/04\\\/pn4064a03-101l-r03n-01-b-scaled.jpeg\",\"datePublished\":\"2022-04-04T08:46:52+00:00\",\"breadcrumb\":{\"@id\":\"https:\\\/\\\/www.rolldrap.com\\\/fr\\\/nettoie-et-prend-soin-de-votre-maison\\\/chiffons\\\/chiffons-multi-usages-blanc-bordeaux\\\/#breadcrumb\"},\"inLanguage\":\"fr-FR\",\"potentialAction\":[{\"@type\":\"ReadAction\",\"target\":[\"https:\\\/\\\/www.rolldrap.com\\\/fr\\\/nettoie-et-prend-soin-de-votre-maison\\\/chiffons\\\/chiffons-multi-usages-blanc-bordeaux\\\/\"]}]},{\"@type\":\"ImageObject\",\"inLanguage\":\"fr-FR\",\"@id\":\"https:\\\/\\\/www.rolldrap.com\\\/fr\\\/nettoie-et-prend-soin-de-votre-maison\\\/chiffons\\\/chiffons-multi-usages-blanc-bordeaux\\\/#primaryimage\",\"url\":\"https:\\\/\\\/www.rolldrap.com\\\/wp-content\\\/uploads\\\/2022\\\/04\\\/pn4064a03-101l-r03n-01-b-scaled.jpeg\",\"contentUrl\":\"https:\\\/\\\/www.rolldrap.com\\\/wp-content\\\/uploads\\\/2022\\\/04\\\/pn4064a03-101l-r03n-01-b-scaled.jpeg\",\"width\":3000,\"height\":2000},{\"@type\":\"BreadcrumbList\",\"@id\":\"https:\\\/\\\/www.rolldrap.com\\\/fr\\\/nettoie-et-prend-soin-de-votre-maison\\\/chiffons\\\/chiffons-multi-usages-blanc-bordeaux\\\/#breadcrumb\",\"itemListElement\":[{\"@type\":\"ListItem\",\"position\":1,\"name\":\"Portada\",\"item\":\"https:\\\/\\\/www.rolldrap.com\\\/fr\\\/\"},{\"@type\":\"ListItem\",\"position\":2,\"name\":\"Boutique\",\"item\":\"https:\\\/\\\/www.rolldrap.com\\\/shop\\\/\"},{\"@type\":\"ListItem\",\"position\":3,\"name\":\"Chiffons multi-usages &#8211; blanc\\\/bordeaux\"}]},{\"@type\":\"WebSite\",\"@id\":\"https:\\\/\\\/www.rolldrap.com\\\/fr\\\/#website\",\"url\":\"https:\\\/\\\/www.rolldrap.com\\\/fr\\\/\",\"name\":\"Roll Drap\",\"description\":\"Limpieza y protecci\u00f3n 100% algod\u00f3n\",\"potentialAction\":[{\"@type\":\"SearchAction\",\"target\":{\"@type\":\"EntryPoint\",\"urlTemplate\":\"https:\\\/\\\/www.rolldrap.com\\\/fr\\\/?s={search_term_string}\"},\"query-input\":{\"@type\":\"PropertyValueSpecification\",\"valueRequired\":true,\"valueName\":\"search_term_string\"}}],\"inLanguage\":\"fr-FR\"}]}<\/script>\n<!-- \/ Yoast SEO plugin. -->","yoast_head_json":{"title":"Chiffons multi-usages - blanc\/bordeaux &#8211; Roll Drap","robots":{"index":"index","follow":"follow","max-snippet":"max-snippet:-1","max-image-preview":"max-image-preview:large","max-video-preview":"max-video-preview:-1"},"canonical":"https:\/\/www.rolldrap.com\/fr\/nettoie-et-prend-soin-de-votre-maison\/chiffons\/chiffons-multi-usages-blanc-bordeaux\/","og_locale":"fr_FR","og_type":"article","og_title":"Chiffons multi-usages - blanc\/bordeaux &#8211; Roll Drap","og_description":"Les chiffons de cuisine ROLL DRAP multi-usages sont la meilleure option pour nettoyer et faire briller la verrerie, la vaisselle et les couverts. Ces chiffons de cuisine blancs avec motif bordeaux sont enti\u00e8rement fabriqu\u00e9s avec des fibres naturelles et des finitions techniques et innovantes, offrant ainsi une solution textile durable et professionnelle adapt\u00e9e \u00e0 tout [&hellip;]","og_url":"https:\/\/www.rolldrap.com\/fr\/nettoie-et-prend-soin-de-votre-maison\/chiffons\/chiffons-multi-usages-blanc-bordeaux\/","og_site_name":"Roll Drap","og_image":[{"width":3000,"height":2000,"url":"https:\/\/www.rolldrap.com\/wp-content\/uploads\/2022\/04\/pn4064a03-101l-r03n-01-b-scaled.jpeg","type":"image\/jpeg"}],"twitter_card":"summary_large_image","twitter_misc":{"Dur\u00e9e de lecture estim\u00e9e":"1 minute"},"schema":{"@context":"https:\/\/schema.org","@graph":[{"@type":"WebPage","@id":"https:\/\/www.rolldrap.com\/fr\/nettoie-et-prend-soin-de-votre-maison\/chiffons\/chiffons-multi-usages-blanc-bordeaux\/","url":"https:\/\/www.rolldrap.com\/fr\/nettoie-et-prend-soin-de-votre-maison\/chiffons\/chiffons-multi-usages-blanc-bordeaux\/","name":"Chiffons multi-usages - blanc\/bordeaux &#8211; Roll Drap","isPartOf":{"@id":"https:\/\/www.rolldrap.com\/fr\/#website"},"primaryImageOfPage":{"@id":"https:\/\/www.rolldrap.com\/fr\/nettoie-et-prend-soin-de-votre-maison\/chiffons\/chiffons-multi-usages-blanc-bordeaux\/#primaryimage"},"image":{"@id":"https:\/\/www.rolldrap.com\/fr\/nettoie-et-prend-soin-de-votre-maison\/chiffons\/chiffons-multi-usages-blanc-bordeaux\/#primaryimage"},"thumbnailUrl":"https:\/\/www.rolldrap.com\/wp-content\/uploads\/2022\/04\/pn4064a03-101l-r03n-01-b-scaled.jpeg","datePublished":"2022-04-04T08:46:52+00:00","breadcrumb":{"@id":"https:\/\/www.rolldrap.com\/fr\/nettoie-et-prend-soin-de-votre-maison\/chiffons\/chiffons-multi-usages-blanc-bordeaux\/#breadcrumb"},"inLanguage":"fr-FR","potentialAction":[{"@type":"ReadAction","target":["https:\/\/www.rolldrap.com\/fr\/nettoie-et-prend-soin-de-votre-maison\/chiffons\/chiffons-multi-usages-blanc-bordeaux\/"]}]},{"@type":"ImageObject","inLanguage":"fr-FR","@id":"https:\/\/www.rolldrap.com\/fr\/nettoie-et-prend-soin-de-votre-maison\/chiffons\/chiffons-multi-usages-blanc-bordeaux\/#primaryimage","url":"https:\/\/www.rolldrap.com\/wp-content\/uploads\/2022\/04\/pn4064a03-101l-r03n-01-b-scaled.jpeg","contentUrl":"https:\/\/www.rolldrap.com\/wp-content\/uploads\/2022\/04\/pn4064a03-101l-r03n-01-b-scaled.jpeg","width":3000,"height":2000},{"@type":"BreadcrumbList","@id":"https:\/\/www.rolldrap.com\/fr\/nettoie-et-prend-soin-de-votre-maison\/chiffons\/chiffons-multi-usages-blanc-bordeaux\/#breadcrumb","itemListElement":[{"@type":"ListItem","position":1,"name":"Portada","item":"https:\/\/www.rolldrap.com\/fr\/"},{"@type":"ListItem","position":2,"name":"Boutique","item":"https:\/\/www.rolldrap.com\/shop\/"},{"@type":"ListItem","position":3,"name":"Chiffons multi-usages &#8211; blanc\/bordeaux"}]},{"@type":"WebSite","@id":"https:\/\/www.rolldrap.com\/fr\/#website","url":"https:\/\/www.rolldrap.com\/fr\/","name":"Roll Drap","description":"Limpieza y protecci\u00f3n 100% algod\u00f3n","potentialAction":[{"@type":"SearchAction","target":{"@type":"EntryPoint","urlTemplate":"https:\/\/www.rolldrap.com\/fr\/?s={search_term_string}"},"query-input":{"@type":"PropertyValueSpecification","valueRequired":true,"valueName":"search_term_string"}}],"inLanguage":"fr-FR"}]}},"_links":{"self":[{"href":"https:\/\/www.rolldrap.com\/fr\/wp-json\/wp\/v2\/product\/5374","targetHints":{"allow":["GET"]}}],"collection":[{"href":"https:\/\/www.rolldrap.com\/fr\/wp-json\/wp\/v2\/product"}],"about":[{"href":"https:\/\/www.rolldrap.com\/fr\/wp-json\/wp\/v2\/types\/product"}],"replies":[{"embeddable":true,"href":"https:\/\/www.rolldrap.com\/fr\/wp-json\/wp\/v2\/comments?post=5374"}],"wp:featuredmedia":[{"embeddable":true,"href":"https:\/\/www.rolldrap.com\/fr\/wp-json\/wp\/v2\/media\/2275"}],"wp:attachment":[{"href":"https:\/\/www.rolldrap.com\/fr\/wp-json\/wp\/v2\/media?parent=5374"}],"wp:term":[{"taxonomy":"product_brand","embeddable":true,"href":"https:\/\/www.rolldrap.com\/fr\/wp-json\/wp\/v2\/product_brand?post=5374"},{"taxonomy":"product_cat","embeddable":true,"href":"https:\/\/www.rolldrap.com\/fr\/wp-json\/wp\/v2\/product_cat?post=5374"},{"taxonomy":"product_tag","embeddable":true,"href":"https:\/\/www.rolldrap.com\/fr\/wp-json\/wp\/v2\/product_tag?post=5374"}],"curies":[{"name":"wp","href":"https:\/\/api.w.org\/{rel}","templated":true}]}}