{"id":5489,"date":"2021-12-14T07:34:25","date_gmt":"2021-12-14T07:34:25","guid":{"rendered":"https:\/\/www.rolldrap.com\/non class\u00e9\/cheersdrap-pour-seaux-a-glace-couleur-gris-anthracite\/"},"modified":"2021-12-14T07:34:25","modified_gmt":"2021-12-14T07:34:25","slug":"cheersdrap-pour-seaux-a-glace-couleur-gris-anthracite","status":"publish","type":"product","link":"https:\/\/www.rolldrap.com\/fr\/nettoie-et-prend-soin-de-votre-maison\/cheersdrap\/cheersdrap-pour-seaux-a-glace-couleur-gris-anthracite\/","title":{"rendered":"Cheersdrap pour seaux \u00e0 glace couleur Gris Anthracite"},"content":{"rendered":"<p>Les Cheersdrap pour seaux \u00e0 glace ROLL DRAP en couleur Gris Anthracite ont une ouverture circulaire pour la bouteille qui en fait un produit pratique \u00e0 utiliser. Cette ouverture aide le Cheersdrap pour le seau \u00e0 glace \u00e0 s\u2019ajuster parfaitement \u00e0 la bouteille. De plus, ils sont disponibles dans une large gamme de couleurs de saison et d\u2019imprim\u00e9s qui accompagneront n\u2019importe quelle table. Une solution textile unique et totalement novatrice pour les seaux \u00e0 glace.   <\/p>\n<p>Chez ROLL DRAP, nous fabriquons 100 % de nos produits dans nos installations de Barcelone (Espagne), en misant totalement sur les fibres naturelles. Nous avons \u00e9limin\u00e9 le polyester des compositions de nos tissus de toutes nos gammes de produits afin de r\u00e9duire l\u2019impact environnemental. <\/p>\n","protected":false},"excerpt":{"rendered":"<p>Les Cheersdrap pour seaux \u00e0 glace ROLL DRAP en couleur Gris Anthracite ont une ouverture circulaire pour la bouteille qui en fait un produit pratique \u00e0 utiliser. Cette ouverture aide le Cheersdrap pour le seau \u00e0 glace \u00e0 s\u2019ajuster parfaitement \u00e0 la bouteille. De plus, ils sont disponibles dans une large gamme de couleurs de [&hellip;]<\/p>\n","protected":false},"featured_media":758,"comment_status":"closed","ping_status":"closed","template":"","meta":{"_acf_changed":false},"product_brand":[],"product_cat":[384,193,190,194],"product_tag":[],"class_list":{"0":"post-5489","1":"product","2":"type-product","3":"status-publish","4":"has-post-thumbnail","6":"product_cat-cheersdrap-professional-fr","7":"product_cat-cheersdrap","8":"product_cat-nettoie-et-prend-soin-de-votre-maison","9":"product_cat-professionnel","10":"pa_formato-lot-de-2-unites","11":"product_size-taille-unique","12":"product_model_color-linge-pour-seaux-a-glace","13":"product_color-gris-anthracite","14":"product_details-100-coton","15":"product_details-reutilisable","16":"product_details-sans-coutures-plus-hygienique","17":"product_care-laver-en-machine-a-une-temperature-maximale-de-40-oc","18":"product_care-ne-pas-utiliser-deau-de-javel","19":"product_care-peut-etre-repasse-a-haute-temperature-max-200-oc","20":"product_care-peut-etre-seche-en-machine","22":"first","23":"instock","24":"taxable","25":"shipping-taxable","26":"purchasable","27":"product-type-simple"},"acf":[],"yoast_head":"<!-- This site is optimized with the Yoast SEO plugin v27.6 - https:\/\/yoast.com\/product\/yoast-seo-wordpress\/ -->\n<title>Cheersdrap pour seaux \u00e0 glace couleur Gris Anthracite &#8211; Roll Drap<\/title>\n<meta name=\"robots\" content=\"index, follow, max-snippet:-1, max-image-preview:large, max-video-preview:-1\" \/>\n<link rel=\"canonical\" href=\"https:\/\/www.rolldrap.com\/fr\/nettoie-et-prend-soin-de-votre-maison\/cheersdrap\/cheersdrap-pour-seaux-a-glace-couleur-gris-anthracite\/\" \/>\n<meta property=\"og:locale\" content=\"fr_FR\" \/>\n<meta property=\"og:type\" content=\"article\" \/>\n<meta property=\"og:title\" content=\"Cheersdrap pour seaux \u00e0 glace couleur Gris Anthracite &#8211; Roll Drap\" \/>\n<meta property=\"og:description\" content=\"Les Cheersdrap pour seaux \u00e0 glace ROLL DRAP en couleur Gris Anthracite ont une ouverture circulaire pour la bouteille qui en fait un produit pratique \u00e0 utiliser. Cette ouverture aide le Cheersdrap pour le seau \u00e0 glace \u00e0 s\u2019ajuster parfaitement \u00e0 la bouteille. De plus, ils sont disponibles dans une large gamme de couleurs de [&hellip;]\" \/>\n<meta property=\"og:url\" content=\"https:\/\/www.rolldrap.com\/fr\/nettoie-et-prend-soin-de-votre-maison\/cheersdrap\/cheersdrap-pour-seaux-a-glace-couleur-gris-anthracite\/\" \/>\n<meta property=\"og:site_name\" content=\"Roll Drap\" \/>\n<meta property=\"og:image\" content=\"https:\/\/www.rolldrap.com\/wp-content\/uploads\/2021\/07\/LT4040A03-305L-R04N_1-scaled.jpg\" \/>\n\t<meta property=\"og:image:width\" content=\"2000\" \/>\n\t<meta property=\"og:image:height\" content=\"3000\" \/>\n\t<meta property=\"og:image:type\" content=\"image\/jpeg\" \/>\n<meta name=\"twitter:card\" content=\"summary_large_image\" \/>\n<meta name=\"twitter:label1\" content=\"Dur\u00e9e de lecture estim\u00e9e\" \/>\n\t<meta name=\"twitter:data1\" content=\"1 minute\" \/>\n<script type=\"application\/ld+json\" class=\"yoast-schema-graph\">{\"@context\":\"https:\\\/\\\/schema.org\",\"@graph\":[{\"@type\":\"WebPage\",\"@id\":\"https:\\\/\\\/www.rolldrap.com\\\/fr\\\/nettoie-et-prend-soin-de-votre-maison\\\/cheersdrap\\\/cheersdrap-pour-seaux-a-glace-couleur-gris-anthracite\\\/\",\"url\":\"https:\\\/\\\/www.rolldrap.com\\\/fr\\\/nettoie-et-prend-soin-de-votre-maison\\\/cheersdrap\\\/cheersdrap-pour-seaux-a-glace-couleur-gris-anthracite\\\/\",\"name\":\"Cheersdrap pour seaux \u00e0 glace couleur Gris Anthracite &#8211; Roll Drap\",\"isPartOf\":{\"@id\":\"https:\\\/\\\/www.rolldrap.com\\\/fr\\\/#website\"},\"primaryImageOfPage\":{\"@id\":\"https:\\\/\\\/www.rolldrap.com\\\/fr\\\/nettoie-et-prend-soin-de-votre-maison\\\/cheersdrap\\\/cheersdrap-pour-seaux-a-glace-couleur-gris-anthracite\\\/#primaryimage\"},\"image\":{\"@id\":\"https:\\\/\\\/www.rolldrap.com\\\/fr\\\/nettoie-et-prend-soin-de-votre-maison\\\/cheersdrap\\\/cheersdrap-pour-seaux-a-glace-couleur-gris-anthracite\\\/#primaryimage\"},\"thumbnailUrl\":\"https:\\\/\\\/www.rolldrap.com\\\/wp-content\\\/uploads\\\/2021\\\/07\\\/LT4040A03-305L-R04N_1-scaled.jpg\",\"datePublished\":\"2021-12-14T07:34:25+00:00\",\"breadcrumb\":{\"@id\":\"https:\\\/\\\/www.rolldrap.com\\\/fr\\\/nettoie-et-prend-soin-de-votre-maison\\\/cheersdrap\\\/cheersdrap-pour-seaux-a-glace-couleur-gris-anthracite\\\/#breadcrumb\"},\"inLanguage\":\"fr-FR\",\"potentialAction\":[{\"@type\":\"ReadAction\",\"target\":[\"https:\\\/\\\/www.rolldrap.com\\\/fr\\\/nettoie-et-prend-soin-de-votre-maison\\\/cheersdrap\\\/cheersdrap-pour-seaux-a-glace-couleur-gris-anthracite\\\/\"]}]},{\"@type\":\"ImageObject\",\"inLanguage\":\"fr-FR\",\"@id\":\"https:\\\/\\\/www.rolldrap.com\\\/fr\\\/nettoie-et-prend-soin-de-votre-maison\\\/cheersdrap\\\/cheersdrap-pour-seaux-a-glace-couleur-gris-anthracite\\\/#primaryimage\",\"url\":\"https:\\\/\\\/www.rolldrap.com\\\/wp-content\\\/uploads\\\/2021\\\/07\\\/LT4040A03-305L-R04N_1-scaled.jpg\",\"contentUrl\":\"https:\\\/\\\/www.rolldrap.com\\\/wp-content\\\/uploads\\\/2021\\\/07\\\/LT4040A03-305L-R04N_1-scaled.jpg\",\"width\":2000,\"height\":3000},{\"@type\":\"BreadcrumbList\",\"@id\":\"https:\\\/\\\/www.rolldrap.com\\\/fr\\\/nettoie-et-prend-soin-de-votre-maison\\\/cheersdrap\\\/cheersdrap-pour-seaux-a-glace-couleur-gris-anthracite\\\/#breadcrumb\",\"itemListElement\":[{\"@type\":\"ListItem\",\"position\":1,\"name\":\"Portada\",\"item\":\"https:\\\/\\\/www.rolldrap.com\\\/fr\\\/\"},{\"@type\":\"ListItem\",\"position\":2,\"name\":\"Boutique\",\"item\":\"https:\\\/\\\/www.rolldrap.com\\\/shop\\\/\"},{\"@type\":\"ListItem\",\"position\":3,\"name\":\"Cheersdrap pour seaux \u00e0 glace couleur Gris Anthracite\"}]},{\"@type\":\"WebSite\",\"@id\":\"https:\\\/\\\/www.rolldrap.com\\\/fr\\\/#website\",\"url\":\"https:\\\/\\\/www.rolldrap.com\\\/fr\\\/\",\"name\":\"Roll Drap\",\"description\":\"Limpieza y protecci\u00f3n 100% algod\u00f3n\",\"potentialAction\":[{\"@type\":\"SearchAction\",\"target\":{\"@type\":\"EntryPoint\",\"urlTemplate\":\"https:\\\/\\\/www.rolldrap.com\\\/fr\\\/?s={search_term_string}\"},\"query-input\":{\"@type\":\"PropertyValueSpecification\",\"valueRequired\":true,\"valueName\":\"search_term_string\"}}],\"inLanguage\":\"fr-FR\"}]}<\/script>\n<!-- \/ Yoast SEO plugin. -->","yoast_head_json":{"title":"Cheersdrap pour seaux \u00e0 glace couleur Gris Anthracite &#8211; Roll Drap","robots":{"index":"index","follow":"follow","max-snippet":"max-snippet:-1","max-image-preview":"max-image-preview:large","max-video-preview":"max-video-preview:-1"},"canonical":"https:\/\/www.rolldrap.com\/fr\/nettoie-et-prend-soin-de-votre-maison\/cheersdrap\/cheersdrap-pour-seaux-a-glace-couleur-gris-anthracite\/","og_locale":"fr_FR","og_type":"article","og_title":"Cheersdrap pour seaux \u00e0 glace couleur Gris Anthracite &#8211; Roll Drap","og_description":"Les Cheersdrap pour seaux \u00e0 glace ROLL DRAP en couleur Gris Anthracite ont une ouverture circulaire pour la bouteille qui en fait un produit pratique \u00e0 utiliser. Cette ouverture aide le Cheersdrap pour le seau \u00e0 glace \u00e0 s\u2019ajuster parfaitement \u00e0 la bouteille. De plus, ils sont disponibles dans une large gamme de couleurs de [&hellip;]","og_url":"https:\/\/www.rolldrap.com\/fr\/nettoie-et-prend-soin-de-votre-maison\/cheersdrap\/cheersdrap-pour-seaux-a-glace-couleur-gris-anthracite\/","og_site_name":"Roll Drap","og_image":[{"width":2000,"height":3000,"url":"https:\/\/www.rolldrap.com\/wp-content\/uploads\/2021\/07\/LT4040A03-305L-R04N_1-scaled.jpg","type":"image\/jpeg"}],"twitter_card":"summary_large_image","twitter_misc":{"Dur\u00e9e de lecture estim\u00e9e":"1 minute"},"schema":{"@context":"https:\/\/schema.org","@graph":[{"@type":"WebPage","@id":"https:\/\/www.rolldrap.com\/fr\/nettoie-et-prend-soin-de-votre-maison\/cheersdrap\/cheersdrap-pour-seaux-a-glace-couleur-gris-anthracite\/","url":"https:\/\/www.rolldrap.com\/fr\/nettoie-et-prend-soin-de-votre-maison\/cheersdrap\/cheersdrap-pour-seaux-a-glace-couleur-gris-anthracite\/","name":"Cheersdrap pour seaux \u00e0 glace couleur Gris Anthracite &#8211; Roll Drap","isPartOf":{"@id":"https:\/\/www.rolldrap.com\/fr\/#website"},"primaryImageOfPage":{"@id":"https:\/\/www.rolldrap.com\/fr\/nettoie-et-prend-soin-de-votre-maison\/cheersdrap\/cheersdrap-pour-seaux-a-glace-couleur-gris-anthracite\/#primaryimage"},"image":{"@id":"https:\/\/www.rolldrap.com\/fr\/nettoie-et-prend-soin-de-votre-maison\/cheersdrap\/cheersdrap-pour-seaux-a-glace-couleur-gris-anthracite\/#primaryimage"},"thumbnailUrl":"https:\/\/www.rolldrap.com\/wp-content\/uploads\/2021\/07\/LT4040A03-305L-R04N_1-scaled.jpg","datePublished":"2021-12-14T07:34:25+00:00","breadcrumb":{"@id":"https:\/\/www.rolldrap.com\/fr\/nettoie-et-prend-soin-de-votre-maison\/cheersdrap\/cheersdrap-pour-seaux-a-glace-couleur-gris-anthracite\/#breadcrumb"},"inLanguage":"fr-FR","potentialAction":[{"@type":"ReadAction","target":["https:\/\/www.rolldrap.com\/fr\/nettoie-et-prend-soin-de-votre-maison\/cheersdrap\/cheersdrap-pour-seaux-a-glace-couleur-gris-anthracite\/"]}]},{"@type":"ImageObject","inLanguage":"fr-FR","@id":"https:\/\/www.rolldrap.com\/fr\/nettoie-et-prend-soin-de-votre-maison\/cheersdrap\/cheersdrap-pour-seaux-a-glace-couleur-gris-anthracite\/#primaryimage","url":"https:\/\/www.rolldrap.com\/wp-content\/uploads\/2021\/07\/LT4040A03-305L-R04N_1-scaled.jpg","contentUrl":"https:\/\/www.rolldrap.com\/wp-content\/uploads\/2021\/07\/LT4040A03-305L-R04N_1-scaled.jpg","width":2000,"height":3000},{"@type":"BreadcrumbList","@id":"https:\/\/www.rolldrap.com\/fr\/nettoie-et-prend-soin-de-votre-maison\/cheersdrap\/cheersdrap-pour-seaux-a-glace-couleur-gris-anthracite\/#breadcrumb","itemListElement":[{"@type":"ListItem","position":1,"name":"Portada","item":"https:\/\/www.rolldrap.com\/fr\/"},{"@type":"ListItem","position":2,"name":"Boutique","item":"https:\/\/www.rolldrap.com\/shop\/"},{"@type":"ListItem","position":3,"name":"Cheersdrap pour seaux \u00e0 glace couleur Gris Anthracite"}]},{"@type":"WebSite","@id":"https:\/\/www.rolldrap.com\/fr\/#website","url":"https:\/\/www.rolldrap.com\/fr\/","name":"Roll Drap","description":"Limpieza y protecci\u00f3n 100% algod\u00f3n","potentialAction":[{"@type":"SearchAction","target":{"@type":"EntryPoint","urlTemplate":"https:\/\/www.rolldrap.com\/fr\/?s={search_term_string}"},"query-input":{"@type":"PropertyValueSpecification","valueRequired":true,"valueName":"search_term_string"}}],"inLanguage":"fr-FR"}]}},"_links":{"self":[{"href":"https:\/\/www.rolldrap.com\/fr\/wp-json\/wp\/v2\/product\/5489","targetHints":{"allow":["GET"]}}],"collection":[{"href":"https:\/\/www.rolldrap.com\/fr\/wp-json\/wp\/v2\/product"}],"about":[{"href":"https:\/\/www.rolldrap.com\/fr\/wp-json\/wp\/v2\/types\/product"}],"replies":[{"embeddable":true,"href":"https:\/\/www.rolldrap.com\/fr\/wp-json\/wp\/v2\/comments?post=5489"}],"wp:featuredmedia":[{"embeddable":true,"href":"https:\/\/www.rolldrap.com\/fr\/wp-json\/wp\/v2\/media\/758"}],"wp:attachment":[{"href":"https:\/\/www.rolldrap.com\/fr\/wp-json\/wp\/v2\/media?parent=5489"}],"wp:term":[{"taxonomy":"product_brand","embeddable":true,"href":"https:\/\/www.rolldrap.com\/fr\/wp-json\/wp\/v2\/product_brand?post=5489"},{"taxonomy":"product_cat","embeddable":true,"href":"https:\/\/www.rolldrap.com\/fr\/wp-json\/wp\/v2\/product_cat?post=5489"},{"taxonomy":"product_tag","embeddable":true,"href":"https:\/\/www.rolldrap.com\/fr\/wp-json\/wp\/v2\/product_tag?post=5489"}],"curies":[{"name":"wp","href":"https:\/\/api.w.org\/{rel}","templated":true}]}}