{"id":5542,"date":"2021-09-29T23:29:21","date_gmt":"2021-09-29T23:29:21","guid":{"rendered":"https:\/\/www.rolldrap.com\/non class\u00e9\/bonnet-de-pirate-couleur-blanc\/"},"modified":"2021-09-29T23:29:21","modified_gmt":"2021-09-29T23:29:21","slug":"bonnet-de-pirate-couleur-blanc","status":"publish","type":"product","link":"https:\/\/www.rolldrap.com\/fr\/professionnel\/bonnets\/bonnet-pirate\/bonnet-de-pirate-couleur-blanc\/","title":{"rendered":"Bonnet de pirate couleur Blanc"},"content":{"rendered":"<p>Ce bonnet de pirate blanc de ROLL DRAP pr\u00e9sente un design moderne qui s\u2019adaptera \u00e0 tout service d\u2019h\u00f4tellerie. Disponible en 2 couleurs : blanc et noir, c\u2019est un bonnet de pirate l\u00e9ger, esth\u00e9tique et fonctionnel. <\/p>\n<p>Chez ROLL DRAP, nous fabriquons 100 % de nos produits dans nos installations de Barcelone (Espagne), en misant totalement sur les fibres naturelles. Nous avons \u00e9limin\u00e9 le polyester des compositions de nos tissus de toutes nos gammes de produits afin de r\u00e9duire l\u2019impact environnemental. <\/p>\n","protected":false},"excerpt":{"rendered":"<p>Ce bonnet de pirate blanc de ROLL DRAP pr\u00e9sente un design moderne qui s\u2019adaptera \u00e0 tout service d\u2019h\u00f4tellerie. Disponible en 2 couleurs : blanc et noir, c\u2019est un bonnet de pirate l\u00e9ger, esth\u00e9tique et fonctionnel. Chez ROLL DRAP, nous fabriquons 100 % de nos produits dans nos installations de Barcelone (Espagne), en misant totalement sur [&hellip;]<\/p>\n","protected":false},"featured_media":1823,"comment_status":"closed","ping_status":"closed","template":"","meta":{"_acf_changed":false},"product_brand":[],"product_cat":[212,194],"product_tag":[],"class_list":{"0":"post-5542","1":"product","2":"type-product","3":"status-publish","4":"has-post-thumbnail","6":"product_cat-bonnet-pirate","7":"product_cat-professionnel","8":"pa_formato-lot-de-1-unite","9":"product_finish-anti-taches","10":"product_finish-antibacterien-biocide","11":"product_size-taille-unique","12":"product_model_color-bonnet-pirate","13":"product_color-blanc","14":"product_care-leau-de-javel-peut-etre-utilisee","15":"product_care-laver-en-machine-a-une-temperature-maximale-de-30-oc","16":"product_care-peut-etre-repasse-a-temperature-moyenne-max-150-oc","17":"product_care-peut-etre-seche-en-machine","19":"first","20":"instock","21":"taxable","22":"shipping-taxable","23":"product-type-simple"},"acf":[],"yoast_head":"<!-- This site is optimized with the Yoast SEO plugin v27.6 - https:\/\/yoast.com\/product\/yoast-seo-wordpress\/ -->\n<title>Bonnet de pirate couleur Blanc &#8211; Roll Drap<\/title>\n<meta name=\"robots\" content=\"noindex, follow\" \/>\n<meta property=\"og:locale\" content=\"fr_FR\" \/>\n<meta property=\"og:type\" content=\"article\" \/>\n<meta property=\"og:title\" content=\"Bonnet de pirate couleur Blanc &#8211; Roll Drap\" \/>\n<meta property=\"og:description\" content=\"Ce bonnet de pirate blanc de ROLL DRAP pr\u00e9sente un design moderne qui s\u2019adaptera \u00e0 tout service d\u2019h\u00f4tellerie. Disponible en 2 couleurs : blanc et noir, c\u2019est un bonnet de pirate l\u00e9ger, esth\u00e9tique et fonctionnel. Chez ROLL DRAP, nous fabriquons 100 % de nos produits dans nos installations de Barcelone (Espagne), en misant totalement sur [&hellip;]\" \/>\n<meta property=\"og:url\" content=\"https:\/\/www.rolldrap.com\/fr\/professionnel\/bonnets\/bonnet-pirate\/bonnet-de-pirate-couleur-blanc\/\" \/>\n<meta property=\"og:site_name\" content=\"Roll Drap\" \/>\n<meta property=\"og:image\" content=\"https:\/\/www.rolldrap.com\/wp-content\/uploads\/2021\/09\/GPXXXXA03-101-P01E_01-scaled.jpg\" \/>\n\t<meta property=\"og:image:width\" content=\"3000\" \/>\n\t<meta property=\"og:image:height\" content=\"2000\" \/>\n\t<meta property=\"og:image:type\" content=\"image\/jpeg\" \/>\n<meta name=\"twitter:card\" content=\"summary_large_image\" \/>\n<script type=\"application\/ld+json\" class=\"yoast-schema-graph\">{\"@context\":\"https:\\\/\\\/schema.org\",\"@graph\":[{\"@type\":\"WebPage\",\"@id\":\"https:\\\/\\\/www.rolldrap.com\\\/fr\\\/professionnel\\\/bonnets\\\/bonnet-pirate\\\/bonnet-de-pirate-couleur-blanc\\\/\",\"url\":\"https:\\\/\\\/www.rolldrap.com\\\/fr\\\/professionnel\\\/bonnets\\\/bonnet-pirate\\\/bonnet-de-pirate-couleur-blanc\\\/\",\"name\":\"Bonnet de pirate couleur Blanc &#8211; Roll Drap\",\"isPartOf\":{\"@id\":\"https:\\\/\\\/www.rolldrap.com\\\/fr\\\/#website\"},\"primaryImageOfPage\":{\"@id\":\"https:\\\/\\\/www.rolldrap.com\\\/fr\\\/professionnel\\\/bonnets\\\/bonnet-pirate\\\/bonnet-de-pirate-couleur-blanc\\\/#primaryimage\"},\"image\":{\"@id\":\"https:\\\/\\\/www.rolldrap.com\\\/fr\\\/professionnel\\\/bonnets\\\/bonnet-pirate\\\/bonnet-de-pirate-couleur-blanc\\\/#primaryimage\"},\"thumbnailUrl\":\"https:\\\/\\\/www.rolldrap.com\\\/wp-content\\\/uploads\\\/2021\\\/09\\\/GPXXXXA03-101-P01E_01-scaled.jpg\",\"datePublished\":\"2021-09-29T23:29:21+00:00\",\"breadcrumb\":{\"@id\":\"https:\\\/\\\/www.rolldrap.com\\\/fr\\\/professionnel\\\/bonnets\\\/bonnet-pirate\\\/bonnet-de-pirate-couleur-blanc\\\/#breadcrumb\"},\"inLanguage\":\"fr-FR\",\"potentialAction\":[{\"@type\":\"ReadAction\",\"target\":[\"https:\\\/\\\/www.rolldrap.com\\\/fr\\\/professionnel\\\/bonnets\\\/bonnet-pirate\\\/bonnet-de-pirate-couleur-blanc\\\/\"]}]},{\"@type\":\"ImageObject\",\"inLanguage\":\"fr-FR\",\"@id\":\"https:\\\/\\\/www.rolldrap.com\\\/fr\\\/professionnel\\\/bonnets\\\/bonnet-pirate\\\/bonnet-de-pirate-couleur-blanc\\\/#primaryimage\",\"url\":\"https:\\\/\\\/www.rolldrap.com\\\/wp-content\\\/uploads\\\/2021\\\/09\\\/GPXXXXA03-101-P01E_01-scaled.jpg\",\"contentUrl\":\"https:\\\/\\\/www.rolldrap.com\\\/wp-content\\\/uploads\\\/2021\\\/09\\\/GPXXXXA03-101-P01E_01-scaled.jpg\",\"width\":3000,\"height\":2000},{\"@type\":\"BreadcrumbList\",\"@id\":\"https:\\\/\\\/www.rolldrap.com\\\/fr\\\/professionnel\\\/bonnets\\\/bonnet-pirate\\\/bonnet-de-pirate-couleur-blanc\\\/#breadcrumb\",\"itemListElement\":[{\"@type\":\"ListItem\",\"position\":1,\"name\":\"Portada\",\"item\":\"https:\\\/\\\/www.rolldrap.com\\\/fr\\\/\"},{\"@type\":\"ListItem\",\"position\":2,\"name\":\"Boutique\",\"item\":\"https:\\\/\\\/www.rolldrap.com\\\/shop\\\/\"},{\"@type\":\"ListItem\",\"position\":3,\"name\":\"Bonnet de pirate couleur Blanc\"}]},{\"@type\":\"WebSite\",\"@id\":\"https:\\\/\\\/www.rolldrap.com\\\/fr\\\/#website\",\"url\":\"https:\\\/\\\/www.rolldrap.com\\\/fr\\\/\",\"name\":\"Roll Drap\",\"description\":\"Limpieza y protecci\u00f3n 100% algod\u00f3n\",\"potentialAction\":[{\"@type\":\"SearchAction\",\"target\":{\"@type\":\"EntryPoint\",\"urlTemplate\":\"https:\\\/\\\/www.rolldrap.com\\\/fr\\\/?s={search_term_string}\"},\"query-input\":{\"@type\":\"PropertyValueSpecification\",\"valueRequired\":true,\"valueName\":\"search_term_string\"}}],\"inLanguage\":\"fr-FR\"}]}<\/script>\n<!-- \/ Yoast SEO plugin. -->","yoast_head_json":{"title":"Bonnet de pirate couleur Blanc &#8211; Roll Drap","robots":{"index":"noindex","follow":"follow"},"og_locale":"fr_FR","og_type":"article","og_title":"Bonnet de pirate couleur Blanc &#8211; Roll Drap","og_description":"Ce bonnet de pirate blanc de ROLL DRAP pr\u00e9sente un design moderne qui s\u2019adaptera \u00e0 tout service d\u2019h\u00f4tellerie. Disponible en 2 couleurs : blanc et noir, c\u2019est un bonnet de pirate l\u00e9ger, esth\u00e9tique et fonctionnel. Chez ROLL DRAP, nous fabriquons 100 % de nos produits dans nos installations de Barcelone (Espagne), en misant totalement sur [&hellip;]","og_url":"https:\/\/www.rolldrap.com\/fr\/professionnel\/bonnets\/bonnet-pirate\/bonnet-de-pirate-couleur-blanc\/","og_site_name":"Roll Drap","og_image":[{"width":3000,"height":2000,"url":"https:\/\/www.rolldrap.com\/wp-content\/uploads\/2021\/09\/GPXXXXA03-101-P01E_01-scaled.jpg","type":"image\/jpeg"}],"twitter_card":"summary_large_image","schema":{"@context":"https:\/\/schema.org","@graph":[{"@type":"WebPage","@id":"https:\/\/www.rolldrap.com\/fr\/professionnel\/bonnets\/bonnet-pirate\/bonnet-de-pirate-couleur-blanc\/","url":"https:\/\/www.rolldrap.com\/fr\/professionnel\/bonnets\/bonnet-pirate\/bonnet-de-pirate-couleur-blanc\/","name":"Bonnet de pirate couleur Blanc &#8211; Roll Drap","isPartOf":{"@id":"https:\/\/www.rolldrap.com\/fr\/#website"},"primaryImageOfPage":{"@id":"https:\/\/www.rolldrap.com\/fr\/professionnel\/bonnets\/bonnet-pirate\/bonnet-de-pirate-couleur-blanc\/#primaryimage"},"image":{"@id":"https:\/\/www.rolldrap.com\/fr\/professionnel\/bonnets\/bonnet-pirate\/bonnet-de-pirate-couleur-blanc\/#primaryimage"},"thumbnailUrl":"https:\/\/www.rolldrap.com\/wp-content\/uploads\/2021\/09\/GPXXXXA03-101-P01E_01-scaled.jpg","datePublished":"2021-09-29T23:29:21+00:00","breadcrumb":{"@id":"https:\/\/www.rolldrap.com\/fr\/professionnel\/bonnets\/bonnet-pirate\/bonnet-de-pirate-couleur-blanc\/#breadcrumb"},"inLanguage":"fr-FR","potentialAction":[{"@type":"ReadAction","target":["https:\/\/www.rolldrap.com\/fr\/professionnel\/bonnets\/bonnet-pirate\/bonnet-de-pirate-couleur-blanc\/"]}]},{"@type":"ImageObject","inLanguage":"fr-FR","@id":"https:\/\/www.rolldrap.com\/fr\/professionnel\/bonnets\/bonnet-pirate\/bonnet-de-pirate-couleur-blanc\/#primaryimage","url":"https:\/\/www.rolldrap.com\/wp-content\/uploads\/2021\/09\/GPXXXXA03-101-P01E_01-scaled.jpg","contentUrl":"https:\/\/www.rolldrap.com\/wp-content\/uploads\/2021\/09\/GPXXXXA03-101-P01E_01-scaled.jpg","width":3000,"height":2000},{"@type":"BreadcrumbList","@id":"https:\/\/www.rolldrap.com\/fr\/professionnel\/bonnets\/bonnet-pirate\/bonnet-de-pirate-couleur-blanc\/#breadcrumb","itemListElement":[{"@type":"ListItem","position":1,"name":"Portada","item":"https:\/\/www.rolldrap.com\/fr\/"},{"@type":"ListItem","position":2,"name":"Boutique","item":"https:\/\/www.rolldrap.com\/shop\/"},{"@type":"ListItem","position":3,"name":"Bonnet de pirate couleur Blanc"}]},{"@type":"WebSite","@id":"https:\/\/www.rolldrap.com\/fr\/#website","url":"https:\/\/www.rolldrap.com\/fr\/","name":"Roll Drap","description":"Limpieza y protecci\u00f3n 100% algod\u00f3n","potentialAction":[{"@type":"SearchAction","target":{"@type":"EntryPoint","urlTemplate":"https:\/\/www.rolldrap.com\/fr\/?s={search_term_string}"},"query-input":{"@type":"PropertyValueSpecification","valueRequired":true,"valueName":"search_term_string"}}],"inLanguage":"fr-FR"}]}},"_links":{"self":[{"href":"https:\/\/www.rolldrap.com\/fr\/wp-json\/wp\/v2\/product\/5542","targetHints":{"allow":["GET"]}}],"collection":[{"href":"https:\/\/www.rolldrap.com\/fr\/wp-json\/wp\/v2\/product"}],"about":[{"href":"https:\/\/www.rolldrap.com\/fr\/wp-json\/wp\/v2\/types\/product"}],"replies":[{"embeddable":true,"href":"https:\/\/www.rolldrap.com\/fr\/wp-json\/wp\/v2\/comments?post=5542"}],"wp:featuredmedia":[{"embeddable":true,"href":"https:\/\/www.rolldrap.com\/fr\/wp-json\/wp\/v2\/media\/1823"}],"wp:attachment":[{"href":"https:\/\/www.rolldrap.com\/fr\/wp-json\/wp\/v2\/media?parent=5542"}],"wp:term":[{"taxonomy":"product_brand","embeddable":true,"href":"https:\/\/www.rolldrap.com\/fr\/wp-json\/wp\/v2\/product_brand?post=5542"},{"taxonomy":"product_cat","embeddable":true,"href":"https:\/\/www.rolldrap.com\/fr\/wp-json\/wp\/v2\/product_cat?post=5542"},{"taxonomy":"product_tag","embeddable":true,"href":"https:\/\/www.rolldrap.com\/fr\/wp-json\/wp\/v2\/product_tag?post=5542"}],"curies":[{"name":"wp","href":"https:\/\/api.w.org\/{rel}","templated":true}]}}