{"id":5712,"date":"2021-09-29T22:59:50","date_gmt":"2021-09-29T22:59:50","guid":{"rendered":"https:\/\/www.rolldrap.com\/non class\u00e9\/lingettes-multi-usages-extra-large\/"},"modified":"2021-09-29T22:59:50","modified_gmt":"2021-09-29T22:59:50","slug":"lingettes-multi-usages-extra-large","status":"publish","type":"product","link":"https:\/\/www.rolldrap.com\/fr\/professionnel\/chiffons-en-coton\/chiffon-pour-vitres-et-miroirs\/lingettes-multi-usages-extra-large\/","title":{"rendered":"Lingettes multi-usages &#8211; Extra large"},"content":{"rendered":"<p>Les lingettes pour vitres et miroirs ROLL DRAP sont id\u00e9ales pour nettoyer les vitres et les miroirs gr\u00e2ce \u00e0 leur forte absorption et au fait qu\u2019elles ne peluchent pas. Ces lingettes pour nettoyer les vitres et les miroirs de couleur blanche avec motif bleu sont enti\u00e8rement compos\u00e9es de fibres naturelles et dot\u00e9es de finitions techniques et innovantes, offrant ainsi une solution textile durable et professionnelle pour les finitions de toute surface en verre. <\/p>\n<p>Chez ROLL DRAP, nous fabriquons 100 % de nos produits dans nos installations de Barcelone (Espagne), en misant totalement sur les fibres naturelles. Nous avons \u00e9limin\u00e9 le polyester des compositions de nos tissus de toutes nos gammes de produits afin de r\u00e9duire l\u2019impact environnemental. <\/p>\n","protected":false},"excerpt":{"rendered":"<p>Les lingettes pour vitres et miroirs ROLL DRAP sont id\u00e9ales pour nettoyer les vitres et les miroirs gr\u00e2ce \u00e0 leur forte absorption et au fait qu\u2019elles ne peluchent pas. Ces lingettes pour nettoyer les vitres et les miroirs de couleur blanche avec motif bleu sont enti\u00e8rement compos\u00e9es de fibres naturelles et dot\u00e9es de finitions techniques [&hellip;]<\/p>\n","protected":false},"featured_media":1585,"comment_status":"closed","ping_status":"closed","template":"","meta":{"_acf_changed":false},"product_brand":[],"product_cat":[197,215,213,194],"product_tag":[],"class_list":{"0":"post-5712","1":"product","2":"type-product","3":"status-publish","4":"has-post-thumbnail","6":"product_cat-blanc","7":"product_cat-chiffon-pour-vitres-et-miroirs","8":"product_cat-chiffons-en-coton","9":"product_cat-professionnel","10":"pa_formato-lot-de-2-unites-fr","11":"product_size-extra-large","12":"product_color-bleu","13":"product_details-100-coton","14":"product_details-absorption-maximale","15":"product_details-ne-peluche-pas","16":"product_details-reutilisable","17":"product_details-sans-coutures-plus-hygienique","18":"product_care-laver-en-machine-a-une-temperature-maximale-de-40-oc","19":"product_care-ne-pas-secher-en-machine","20":"product_care-ne-pas-utiliser-deau-de-javel","21":"product_care-peut-etre-repasse-a-haute-temperature-max-200-oc","23":"first","24":"instock","25":"taxable","26":"shipping-taxable","27":"product-type-simple"},"acf":[],"yoast_head":"<!-- This site is optimized with the Yoast SEO plugin v27.6 - https:\/\/yoast.com\/product\/yoast-seo-wordpress\/ -->\n<title>Lingettes multi-usages - Extra large &#8211; Roll Drap<\/title>\n<meta name=\"robots\" content=\"noindex, follow\" \/>\n<meta property=\"og:locale\" content=\"fr_FR\" \/>\n<meta property=\"og:type\" content=\"article\" \/>\n<meta property=\"og:title\" content=\"Lingettes multi-usages - Extra large &#8211; Roll Drap\" \/>\n<meta property=\"og:description\" content=\"Les lingettes pour vitres et miroirs ROLL DRAP sont id\u00e9ales pour nettoyer les vitres et les miroirs gr\u00e2ce \u00e0 leur forte absorption et au fait qu\u2019elles ne peluchent pas. Ces lingettes pour nettoyer les vitres et les miroirs de couleur blanche avec motif bleu sont enti\u00e8rement compos\u00e9es de fibres naturelles et dot\u00e9es de finitions techniques [&hellip;]\" \/>\n<meta property=\"og:url\" content=\"https:\/\/www.rolldrap.com\/fr\/professionnel\/chiffons-en-coton\/chiffon-pour-vitres-et-miroirs\/lingettes-multi-usages-extra-large\/\" \/>\n<meta property=\"og:site_name\" content=\"Roll Drap\" \/>\n<meta property=\"og:image\" content=\"https:\/\/www.rolldrap.com\/wp-content\/uploads\/2021\/09\/PN5264A03-101L-R03N_01-scaled.jpg\" \/>\n\t<meta property=\"og:image:width\" content=\"3000\" \/>\n\t<meta property=\"og:image:height\" content=\"2000\" \/>\n\t<meta property=\"og:image:type\" content=\"image\/jpeg\" \/>\n<meta name=\"twitter:card\" content=\"summary_large_image\" \/>\n<meta name=\"twitter:label1\" content=\"Dur\u00e9e de lecture estim\u00e9e\" \/>\n\t<meta name=\"twitter:data1\" content=\"1 minute\" \/>\n<script type=\"application\/ld+json\" class=\"yoast-schema-graph\">{\"@context\":\"https:\\\/\\\/schema.org\",\"@graph\":[{\"@type\":\"WebPage\",\"@id\":\"https:\\\/\\\/www.rolldrap.com\\\/fr\\\/professionnel\\\/chiffons-en-coton\\\/chiffon-pour-vitres-et-miroirs\\\/lingettes-multi-usages-extra-large\\\/\",\"url\":\"https:\\\/\\\/www.rolldrap.com\\\/fr\\\/professionnel\\\/chiffons-en-coton\\\/chiffon-pour-vitres-et-miroirs\\\/lingettes-multi-usages-extra-large\\\/\",\"name\":\"Lingettes multi-usages - Extra large &#8211; Roll Drap\",\"isPartOf\":{\"@id\":\"https:\\\/\\\/www.rolldrap.com\\\/fr\\\/#website\"},\"primaryImageOfPage\":{\"@id\":\"https:\\\/\\\/www.rolldrap.com\\\/fr\\\/professionnel\\\/chiffons-en-coton\\\/chiffon-pour-vitres-et-miroirs\\\/lingettes-multi-usages-extra-large\\\/#primaryimage\"},\"image\":{\"@id\":\"https:\\\/\\\/www.rolldrap.com\\\/fr\\\/professionnel\\\/chiffons-en-coton\\\/chiffon-pour-vitres-et-miroirs\\\/lingettes-multi-usages-extra-large\\\/#primaryimage\"},\"thumbnailUrl\":\"https:\\\/\\\/www.rolldrap.com\\\/wp-content\\\/uploads\\\/2021\\\/09\\\/PN5264A03-101L-R03N_01-scaled.jpg\",\"datePublished\":\"2021-09-29T22:59:50+00:00\",\"breadcrumb\":{\"@id\":\"https:\\\/\\\/www.rolldrap.com\\\/fr\\\/professionnel\\\/chiffons-en-coton\\\/chiffon-pour-vitres-et-miroirs\\\/lingettes-multi-usages-extra-large\\\/#breadcrumb\"},\"inLanguage\":\"fr-FR\",\"potentialAction\":[{\"@type\":\"ReadAction\",\"target\":[\"https:\\\/\\\/www.rolldrap.com\\\/fr\\\/professionnel\\\/chiffons-en-coton\\\/chiffon-pour-vitres-et-miroirs\\\/lingettes-multi-usages-extra-large\\\/\"]}]},{\"@type\":\"ImageObject\",\"inLanguage\":\"fr-FR\",\"@id\":\"https:\\\/\\\/www.rolldrap.com\\\/fr\\\/professionnel\\\/chiffons-en-coton\\\/chiffon-pour-vitres-et-miroirs\\\/lingettes-multi-usages-extra-large\\\/#primaryimage\",\"url\":\"https:\\\/\\\/www.rolldrap.com\\\/wp-content\\\/uploads\\\/2021\\\/09\\\/PN5264A03-101L-R03N_01-scaled.jpg\",\"contentUrl\":\"https:\\\/\\\/www.rolldrap.com\\\/wp-content\\\/uploads\\\/2021\\\/09\\\/PN5264A03-101L-R03N_01-scaled.jpg\",\"width\":3000,\"height\":2000},{\"@type\":\"BreadcrumbList\",\"@id\":\"https:\\\/\\\/www.rolldrap.com\\\/fr\\\/professionnel\\\/chiffons-en-coton\\\/chiffon-pour-vitres-et-miroirs\\\/lingettes-multi-usages-extra-large\\\/#breadcrumb\",\"itemListElement\":[{\"@type\":\"ListItem\",\"position\":1,\"name\":\"Portada\",\"item\":\"https:\\\/\\\/www.rolldrap.com\\\/fr\\\/\"},{\"@type\":\"ListItem\",\"position\":2,\"name\":\"Boutique\",\"item\":\"https:\\\/\\\/www.rolldrap.com\\\/shop\\\/\"},{\"@type\":\"ListItem\",\"position\":3,\"name\":\"Lingettes multi-usages &#8211; Extra large\"}]},{\"@type\":\"WebSite\",\"@id\":\"https:\\\/\\\/www.rolldrap.com\\\/fr\\\/#website\",\"url\":\"https:\\\/\\\/www.rolldrap.com\\\/fr\\\/\",\"name\":\"Roll Drap\",\"description\":\"Limpieza y protecci\u00f3n 100% algod\u00f3n\",\"potentialAction\":[{\"@type\":\"SearchAction\",\"target\":{\"@type\":\"EntryPoint\",\"urlTemplate\":\"https:\\\/\\\/www.rolldrap.com\\\/fr\\\/?s={search_term_string}\"},\"query-input\":{\"@type\":\"PropertyValueSpecification\",\"valueRequired\":true,\"valueName\":\"search_term_string\"}}],\"inLanguage\":\"fr-FR\"}]}<\/script>\n<!-- \/ Yoast SEO plugin. -->","yoast_head_json":{"title":"Lingettes multi-usages - Extra large &#8211; Roll Drap","robots":{"index":"noindex","follow":"follow"},"og_locale":"fr_FR","og_type":"article","og_title":"Lingettes multi-usages - Extra large &#8211; Roll Drap","og_description":"Les lingettes pour vitres et miroirs ROLL DRAP sont id\u00e9ales pour nettoyer les vitres et les miroirs gr\u00e2ce \u00e0 leur forte absorption et au fait qu\u2019elles ne peluchent pas. Ces lingettes pour nettoyer les vitres et les miroirs de couleur blanche avec motif bleu sont enti\u00e8rement compos\u00e9es de fibres naturelles et dot\u00e9es de finitions techniques [&hellip;]","og_url":"https:\/\/www.rolldrap.com\/fr\/professionnel\/chiffons-en-coton\/chiffon-pour-vitres-et-miroirs\/lingettes-multi-usages-extra-large\/","og_site_name":"Roll Drap","og_image":[{"width":3000,"height":2000,"url":"https:\/\/www.rolldrap.com\/wp-content\/uploads\/2021\/09\/PN5264A03-101L-R03N_01-scaled.jpg","type":"image\/jpeg"}],"twitter_card":"summary_large_image","twitter_misc":{"Dur\u00e9e de lecture estim\u00e9e":"1 minute"},"schema":{"@context":"https:\/\/schema.org","@graph":[{"@type":"WebPage","@id":"https:\/\/www.rolldrap.com\/fr\/professionnel\/chiffons-en-coton\/chiffon-pour-vitres-et-miroirs\/lingettes-multi-usages-extra-large\/","url":"https:\/\/www.rolldrap.com\/fr\/professionnel\/chiffons-en-coton\/chiffon-pour-vitres-et-miroirs\/lingettes-multi-usages-extra-large\/","name":"Lingettes multi-usages - Extra large &#8211; Roll Drap","isPartOf":{"@id":"https:\/\/www.rolldrap.com\/fr\/#website"},"primaryImageOfPage":{"@id":"https:\/\/www.rolldrap.com\/fr\/professionnel\/chiffons-en-coton\/chiffon-pour-vitres-et-miroirs\/lingettes-multi-usages-extra-large\/#primaryimage"},"image":{"@id":"https:\/\/www.rolldrap.com\/fr\/professionnel\/chiffons-en-coton\/chiffon-pour-vitres-et-miroirs\/lingettes-multi-usages-extra-large\/#primaryimage"},"thumbnailUrl":"https:\/\/www.rolldrap.com\/wp-content\/uploads\/2021\/09\/PN5264A03-101L-R03N_01-scaled.jpg","datePublished":"2021-09-29T22:59:50+00:00","breadcrumb":{"@id":"https:\/\/www.rolldrap.com\/fr\/professionnel\/chiffons-en-coton\/chiffon-pour-vitres-et-miroirs\/lingettes-multi-usages-extra-large\/#breadcrumb"},"inLanguage":"fr-FR","potentialAction":[{"@type":"ReadAction","target":["https:\/\/www.rolldrap.com\/fr\/professionnel\/chiffons-en-coton\/chiffon-pour-vitres-et-miroirs\/lingettes-multi-usages-extra-large\/"]}]},{"@type":"ImageObject","inLanguage":"fr-FR","@id":"https:\/\/www.rolldrap.com\/fr\/professionnel\/chiffons-en-coton\/chiffon-pour-vitres-et-miroirs\/lingettes-multi-usages-extra-large\/#primaryimage","url":"https:\/\/www.rolldrap.com\/wp-content\/uploads\/2021\/09\/PN5264A03-101L-R03N_01-scaled.jpg","contentUrl":"https:\/\/www.rolldrap.com\/wp-content\/uploads\/2021\/09\/PN5264A03-101L-R03N_01-scaled.jpg","width":3000,"height":2000},{"@type":"BreadcrumbList","@id":"https:\/\/www.rolldrap.com\/fr\/professionnel\/chiffons-en-coton\/chiffon-pour-vitres-et-miroirs\/lingettes-multi-usages-extra-large\/#breadcrumb","itemListElement":[{"@type":"ListItem","position":1,"name":"Portada","item":"https:\/\/www.rolldrap.com\/fr\/"},{"@type":"ListItem","position":2,"name":"Boutique","item":"https:\/\/www.rolldrap.com\/shop\/"},{"@type":"ListItem","position":3,"name":"Lingettes multi-usages &#8211; Extra large"}]},{"@type":"WebSite","@id":"https:\/\/www.rolldrap.com\/fr\/#website","url":"https:\/\/www.rolldrap.com\/fr\/","name":"Roll Drap","description":"Limpieza y protecci\u00f3n 100% algod\u00f3n","potentialAction":[{"@type":"SearchAction","target":{"@type":"EntryPoint","urlTemplate":"https:\/\/www.rolldrap.com\/fr\/?s={search_term_string}"},"query-input":{"@type":"PropertyValueSpecification","valueRequired":true,"valueName":"search_term_string"}}],"inLanguage":"fr-FR"}]}},"_links":{"self":[{"href":"https:\/\/www.rolldrap.com\/fr\/wp-json\/wp\/v2\/product\/5712","targetHints":{"allow":["GET"]}}],"collection":[{"href":"https:\/\/www.rolldrap.com\/fr\/wp-json\/wp\/v2\/product"}],"about":[{"href":"https:\/\/www.rolldrap.com\/fr\/wp-json\/wp\/v2\/types\/product"}],"replies":[{"embeddable":true,"href":"https:\/\/www.rolldrap.com\/fr\/wp-json\/wp\/v2\/comments?post=5712"}],"wp:featuredmedia":[{"embeddable":true,"href":"https:\/\/www.rolldrap.com\/fr\/wp-json\/wp\/v2\/media\/1585"}],"wp:attachment":[{"href":"https:\/\/www.rolldrap.com\/fr\/wp-json\/wp\/v2\/media?parent=5712"}],"wp:term":[{"taxonomy":"product_brand","embeddable":true,"href":"https:\/\/www.rolldrap.com\/fr\/wp-json\/wp\/v2\/product_brand?post=5712"},{"taxonomy":"product_cat","embeddable":true,"href":"https:\/\/www.rolldrap.com\/fr\/wp-json\/wp\/v2\/product_cat?post=5712"},{"taxonomy":"product_tag","embeddable":true,"href":"https:\/\/www.rolldrap.com\/fr\/wp-json\/wp\/v2\/product_tag?post=5712"}],"curies":[{"name":"wp","href":"https:\/\/api.w.org\/{rel}","templated":true}]}}