{"id":5738,"date":"2021-09-29T23:00:55","date_gmt":"2021-09-29T23:00:55","guid":{"rendered":"https:\/\/www.rolldrap.com\/non class\u00e9\/chiffons-multi-usages-extra-long\/"},"modified":"2021-09-29T23:00:55","modified_gmt":"2021-09-29T23:00:55","slug":"chiffons-multi-usages-extra-long","status":"publish","type":"product","link":"https:\/\/www.rolldrap.com\/fr\/professionnel\/chiffons-en-coton\/chiffon-pour-verres-et-couverts\/chiffons-multi-usages-extra-long\/","title":{"rendered":"Chiffons multi-usages &#8211; Extra long"},"content":{"rendered":"<p>Gr\u00e2ce \u00e0 leur longueur, les chiffons pour verres et couverts ROLL DRAP sont con\u00e7us pour un nettoyage correct et facile de tous types de verres et de couverts. Ils offrent \u00e9galement une absorption \u00e9lev\u00e9e et ne peluchent pas. Ces chiffons pour nettoyer les verres et les couverts sont fabriqu\u00e9s enti\u00e8rement \u00e0 partir de fibres naturelles et avec des finitions techniques et innovantes, offrant ainsi une solution textile durable et professionnelle pour le s\u00e9chage de tout verre ou couvert. <\/p>\n<p>Chez ROLL DRAP, nous fabriquons 100 % de nos produits dans nos installations de Barcelone (Espagne), en misant totalement sur les fibres naturelles. Nous avons \u00e9limin\u00e9 le polyester des compositions de nos tissus de toutes nos gammes de produits afin de r\u00e9duire l\u2019impact environnemental. <\/p>\n","protected":false},"excerpt":{"rendered":"<p>Gr\u00e2ce \u00e0 leur longueur, les chiffons pour verres et couverts ROLL DRAP sont con\u00e7us pour un nettoyage correct et facile de tous types de verres et de couverts. Ils offrent \u00e9galement une absorption \u00e9lev\u00e9e et ne peluchent pas. Ces chiffons pour nettoyer les verres et les couverts sont fabriqu\u00e9s enti\u00e8rement \u00e0 partir de fibres naturelles [&hellip;]<\/p>\n","protected":false},"featured_media":2324,"comment_status":"closed","ping_status":"closed","template":"","meta":{"_acf_changed":false},"product_brand":[],"product_cat":[216,213,194],"product_tag":[],"class_list":{"0":"post-5738","1":"product","2":"type-product","3":"status-publish","4":"has-post-thumbnail","6":"product_cat-chiffon-pour-verres-et-couverts","7":"product_cat-chiffons-en-coton","8":"product_cat-professionnel","9":"pa_formato-lot-de-2-unites","10":"product_size-extra-long","11":"product_color-bleu","12":"product_details-100-coton","13":"product_details-absorption-maximale","14":"product_details-ne-peluche-pas","15":"product_details-reutilisable","16":"product_details-sans-coutures-plus-hygienique","17":"product_care-laver-en-machine-a-une-temperature-maximale-de-40-oc","18":"product_care-ne-pas-secher-en-machine","19":"product_care-ne-pas-utiliser-deau-de-javel","20":"product_care-peut-etre-repasse-a-haute-temperature-max-200-oc","22":"first","23":"instock","24":"taxable","25":"shipping-taxable","26":"product-type-simple"},"acf":[],"yoast_head":"<!-- This site is optimized with the Yoast SEO plugin v27.6 - https:\/\/yoast.com\/product\/yoast-seo-wordpress\/ -->\n<title>Chiffons multi-usages - Extra long &#8211; Roll Drap<\/title>\n<meta name=\"robots\" content=\"noindex, follow\" \/>\n<meta property=\"og:locale\" content=\"fr_FR\" \/>\n<meta property=\"og:type\" content=\"article\" \/>\n<meta property=\"og:title\" content=\"Chiffons multi-usages - Extra long &#8211; Roll Drap\" \/>\n<meta property=\"og:description\" content=\"Gr\u00e2ce \u00e0 leur longueur, les chiffons pour verres et couverts ROLL DRAP sont con\u00e7us pour un nettoyage correct et facile de tous types de verres et de couverts. Ils offrent \u00e9galement une absorption \u00e9lev\u00e9e et ne peluchent pas. Ces chiffons pour nettoyer les verres et les couverts sont fabriqu\u00e9s enti\u00e8rement \u00e0 partir de fibres naturelles [&hellip;]\" \/>\n<meta property=\"og:url\" content=\"https:\/\/www.rolldrap.com\/fr\/professionnel\/chiffons-en-coton\/chiffon-pour-verres-et-couverts\/chiffons-multi-usages-extra-long\/\" \/>\n<meta property=\"og:site_name\" content=\"Roll Drap\" \/>\n<meta property=\"og:image\" content=\"https:\/\/www.rolldrap.com\/wp-content\/uploads\/2021\/09\/pn4080a03-101l-r03n-01-pano-copas-y-cubiertos-40x80cm-rollo.jpg\" \/>\n\t<meta property=\"og:image:width\" content=\"2048\" \/>\n\t<meta property=\"og:image:height\" content=\"1365\" \/>\n\t<meta property=\"og:image:type\" content=\"image\/jpeg\" \/>\n<meta name=\"twitter:card\" content=\"summary_large_image\" \/>\n<meta name=\"twitter:label1\" content=\"Dur\u00e9e de lecture estim\u00e9e\" \/>\n\t<meta name=\"twitter:data1\" content=\"1 minute\" \/>\n<script type=\"application\/ld+json\" class=\"yoast-schema-graph\">{\"@context\":\"https:\\\/\\\/schema.org\",\"@graph\":[{\"@type\":\"WebPage\",\"@id\":\"https:\\\/\\\/www.rolldrap.com\\\/fr\\\/professionnel\\\/chiffons-en-coton\\\/chiffon-pour-verres-et-couverts\\\/chiffons-multi-usages-extra-long\\\/\",\"url\":\"https:\\\/\\\/www.rolldrap.com\\\/fr\\\/professionnel\\\/chiffons-en-coton\\\/chiffon-pour-verres-et-couverts\\\/chiffons-multi-usages-extra-long\\\/\",\"name\":\"Chiffons multi-usages - Extra long &#8211; Roll Drap\",\"isPartOf\":{\"@id\":\"https:\\\/\\\/www.rolldrap.com\\\/fr\\\/#website\"},\"primaryImageOfPage\":{\"@id\":\"https:\\\/\\\/www.rolldrap.com\\\/fr\\\/professionnel\\\/chiffons-en-coton\\\/chiffon-pour-verres-et-couverts\\\/chiffons-multi-usages-extra-long\\\/#primaryimage\"},\"image\":{\"@id\":\"https:\\\/\\\/www.rolldrap.com\\\/fr\\\/professionnel\\\/chiffons-en-coton\\\/chiffon-pour-verres-et-couverts\\\/chiffons-multi-usages-extra-long\\\/#primaryimage\"},\"thumbnailUrl\":\"https:\\\/\\\/www.rolldrap.com\\\/wp-content\\\/uploads\\\/2021\\\/09\\\/pn4080a03-101l-r03n-01-pano-copas-y-cubiertos-40x80cm-rollo.jpg\",\"datePublished\":\"2021-09-29T23:00:55+00:00\",\"breadcrumb\":{\"@id\":\"https:\\\/\\\/www.rolldrap.com\\\/fr\\\/professionnel\\\/chiffons-en-coton\\\/chiffon-pour-verres-et-couverts\\\/chiffons-multi-usages-extra-long\\\/#breadcrumb\"},\"inLanguage\":\"fr-FR\",\"potentialAction\":[{\"@type\":\"ReadAction\",\"target\":[\"https:\\\/\\\/www.rolldrap.com\\\/fr\\\/professionnel\\\/chiffons-en-coton\\\/chiffon-pour-verres-et-couverts\\\/chiffons-multi-usages-extra-long\\\/\"]}]},{\"@type\":\"ImageObject\",\"inLanguage\":\"fr-FR\",\"@id\":\"https:\\\/\\\/www.rolldrap.com\\\/fr\\\/professionnel\\\/chiffons-en-coton\\\/chiffon-pour-verres-et-couverts\\\/chiffons-multi-usages-extra-long\\\/#primaryimage\",\"url\":\"https:\\\/\\\/www.rolldrap.com\\\/wp-content\\\/uploads\\\/2021\\\/09\\\/pn4080a03-101l-r03n-01-pano-copas-y-cubiertos-40x80cm-rollo.jpg\",\"contentUrl\":\"https:\\\/\\\/www.rolldrap.com\\\/wp-content\\\/uploads\\\/2021\\\/09\\\/pn4080a03-101l-r03n-01-pano-copas-y-cubiertos-40x80cm-rollo.jpg\",\"width\":2048,\"height\":1365},{\"@type\":\"BreadcrumbList\",\"@id\":\"https:\\\/\\\/www.rolldrap.com\\\/fr\\\/professionnel\\\/chiffons-en-coton\\\/chiffon-pour-verres-et-couverts\\\/chiffons-multi-usages-extra-long\\\/#breadcrumb\",\"itemListElement\":[{\"@type\":\"ListItem\",\"position\":1,\"name\":\"Portada\",\"item\":\"https:\\\/\\\/www.rolldrap.com\\\/fr\\\/\"},{\"@type\":\"ListItem\",\"position\":2,\"name\":\"Boutique\",\"item\":\"https:\\\/\\\/www.rolldrap.com\\\/shop\\\/\"},{\"@type\":\"ListItem\",\"position\":3,\"name\":\"Chiffons multi-usages &#8211; Extra long\"}]},{\"@type\":\"WebSite\",\"@id\":\"https:\\\/\\\/www.rolldrap.com\\\/fr\\\/#website\",\"url\":\"https:\\\/\\\/www.rolldrap.com\\\/fr\\\/\",\"name\":\"Roll Drap\",\"description\":\"Limpieza y protecci\u00f3n 100% algod\u00f3n\",\"potentialAction\":[{\"@type\":\"SearchAction\",\"target\":{\"@type\":\"EntryPoint\",\"urlTemplate\":\"https:\\\/\\\/www.rolldrap.com\\\/fr\\\/?s={search_term_string}\"},\"query-input\":{\"@type\":\"PropertyValueSpecification\",\"valueRequired\":true,\"valueName\":\"search_term_string\"}}],\"inLanguage\":\"fr-FR\"}]}<\/script>\n<!-- \/ Yoast SEO plugin. -->","yoast_head_json":{"title":"Chiffons multi-usages - Extra long &#8211; Roll Drap","robots":{"index":"noindex","follow":"follow"},"og_locale":"fr_FR","og_type":"article","og_title":"Chiffons multi-usages - Extra long &#8211; Roll Drap","og_description":"Gr\u00e2ce \u00e0 leur longueur, les chiffons pour verres et couverts ROLL DRAP sont con\u00e7us pour un nettoyage correct et facile de tous types de verres et de couverts. Ils offrent \u00e9galement une absorption \u00e9lev\u00e9e et ne peluchent pas. Ces chiffons pour nettoyer les verres et les couverts sont fabriqu\u00e9s enti\u00e8rement \u00e0 partir de fibres naturelles [&hellip;]","og_url":"https:\/\/www.rolldrap.com\/fr\/professionnel\/chiffons-en-coton\/chiffon-pour-verres-et-couverts\/chiffons-multi-usages-extra-long\/","og_site_name":"Roll Drap","og_image":[{"width":2048,"height":1365,"url":"https:\/\/www.rolldrap.com\/wp-content\/uploads\/2021\/09\/pn4080a03-101l-r03n-01-pano-copas-y-cubiertos-40x80cm-rollo.jpg","type":"image\/jpeg"}],"twitter_card":"summary_large_image","twitter_misc":{"Dur\u00e9e de lecture estim\u00e9e":"1 minute"},"schema":{"@context":"https:\/\/schema.org","@graph":[{"@type":"WebPage","@id":"https:\/\/www.rolldrap.com\/fr\/professionnel\/chiffons-en-coton\/chiffon-pour-verres-et-couverts\/chiffons-multi-usages-extra-long\/","url":"https:\/\/www.rolldrap.com\/fr\/professionnel\/chiffons-en-coton\/chiffon-pour-verres-et-couverts\/chiffons-multi-usages-extra-long\/","name":"Chiffons multi-usages - Extra long &#8211; Roll Drap","isPartOf":{"@id":"https:\/\/www.rolldrap.com\/fr\/#website"},"primaryImageOfPage":{"@id":"https:\/\/www.rolldrap.com\/fr\/professionnel\/chiffons-en-coton\/chiffon-pour-verres-et-couverts\/chiffons-multi-usages-extra-long\/#primaryimage"},"image":{"@id":"https:\/\/www.rolldrap.com\/fr\/professionnel\/chiffons-en-coton\/chiffon-pour-verres-et-couverts\/chiffons-multi-usages-extra-long\/#primaryimage"},"thumbnailUrl":"https:\/\/www.rolldrap.com\/wp-content\/uploads\/2021\/09\/pn4080a03-101l-r03n-01-pano-copas-y-cubiertos-40x80cm-rollo.jpg","datePublished":"2021-09-29T23:00:55+00:00","breadcrumb":{"@id":"https:\/\/www.rolldrap.com\/fr\/professionnel\/chiffons-en-coton\/chiffon-pour-verres-et-couverts\/chiffons-multi-usages-extra-long\/#breadcrumb"},"inLanguage":"fr-FR","potentialAction":[{"@type":"ReadAction","target":["https:\/\/www.rolldrap.com\/fr\/professionnel\/chiffons-en-coton\/chiffon-pour-verres-et-couverts\/chiffons-multi-usages-extra-long\/"]}]},{"@type":"ImageObject","inLanguage":"fr-FR","@id":"https:\/\/www.rolldrap.com\/fr\/professionnel\/chiffons-en-coton\/chiffon-pour-verres-et-couverts\/chiffons-multi-usages-extra-long\/#primaryimage","url":"https:\/\/www.rolldrap.com\/wp-content\/uploads\/2021\/09\/pn4080a03-101l-r03n-01-pano-copas-y-cubiertos-40x80cm-rollo.jpg","contentUrl":"https:\/\/www.rolldrap.com\/wp-content\/uploads\/2021\/09\/pn4080a03-101l-r03n-01-pano-copas-y-cubiertos-40x80cm-rollo.jpg","width":2048,"height":1365},{"@type":"BreadcrumbList","@id":"https:\/\/www.rolldrap.com\/fr\/professionnel\/chiffons-en-coton\/chiffon-pour-verres-et-couverts\/chiffons-multi-usages-extra-long\/#breadcrumb","itemListElement":[{"@type":"ListItem","position":1,"name":"Portada","item":"https:\/\/www.rolldrap.com\/fr\/"},{"@type":"ListItem","position":2,"name":"Boutique","item":"https:\/\/www.rolldrap.com\/shop\/"},{"@type":"ListItem","position":3,"name":"Chiffons multi-usages &#8211; Extra long"}]},{"@type":"WebSite","@id":"https:\/\/www.rolldrap.com\/fr\/#website","url":"https:\/\/www.rolldrap.com\/fr\/","name":"Roll Drap","description":"Limpieza y protecci\u00f3n 100% algod\u00f3n","potentialAction":[{"@type":"SearchAction","target":{"@type":"EntryPoint","urlTemplate":"https:\/\/www.rolldrap.com\/fr\/?s={search_term_string}"},"query-input":{"@type":"PropertyValueSpecification","valueRequired":true,"valueName":"search_term_string"}}],"inLanguage":"fr-FR"}]}},"_links":{"self":[{"href":"https:\/\/www.rolldrap.com\/fr\/wp-json\/wp\/v2\/product\/5738","targetHints":{"allow":["GET"]}}],"collection":[{"href":"https:\/\/www.rolldrap.com\/fr\/wp-json\/wp\/v2\/product"}],"about":[{"href":"https:\/\/www.rolldrap.com\/fr\/wp-json\/wp\/v2\/types\/product"}],"replies":[{"embeddable":true,"href":"https:\/\/www.rolldrap.com\/fr\/wp-json\/wp\/v2\/comments?post=5738"}],"wp:featuredmedia":[{"embeddable":true,"href":"https:\/\/www.rolldrap.com\/fr\/wp-json\/wp\/v2\/media\/2324"}],"wp:attachment":[{"href":"https:\/\/www.rolldrap.com\/fr\/wp-json\/wp\/v2\/media?parent=5738"}],"wp:term":[{"taxonomy":"product_brand","embeddable":true,"href":"https:\/\/www.rolldrap.com\/fr\/wp-json\/wp\/v2\/product_brand?post=5738"},{"taxonomy":"product_cat","embeddable":true,"href":"https:\/\/www.rolldrap.com\/fr\/wp-json\/wp\/v2\/product_cat?post=5738"},{"taxonomy":"product_tag","embeddable":true,"href":"https:\/\/www.rolldrap.com\/fr\/wp-json\/wp\/v2\/product_tag?post=5738"}],"curies":[{"name":"wp","href":"https:\/\/api.w.org\/{rel}","templated":true}]}}