{"id":5809,"date":"2021-09-29T23:24:26","date_gmt":"2021-09-29T23:24:26","guid":{"rendered":"https:\/\/www.rolldrap.com\/non class\u00e9\/tablier-porte-monnaie-couleur-noir\/"},"modified":"2021-09-29T23:24:26","modified_gmt":"2021-09-29T23:24:26","slug":"tablier-porte-monnaie-couleur-noir","status":"publish","type":"product","link":"https:\/\/www.rolldrap.com\/fr\/professionnel\/tabliers-et-blouses\/tabliers-et-blouses-de-service\/blouses-de-service-porte-monnaie\/tablier-porte-monnaie-couleur-noir\/","title":{"rendered":"Tablier porte-monnaie couleur Noir"},"content":{"rendered":"<p>Le tablier porte-monnaie couleur Noir de ROLL DRAP se caract\u00e9rise par une conception qui int\u00e8gre 3&nbsp;poches facilitant le travail du personnel de salle. Avec une finition antitache &#8211; protect qui assure la durabilit\u00e9 et la propret\u00e9 du produit, ce tablier avec 3&nbsp;poches est principalement con\u00e7u pour le service en salle. <\/p>\n<p>Chez ROLL DRAP, nous fabriquons 100 % de nos produits dans nos installations de Barcelone (Espagne), en misant totalement sur les fibres naturelles. Nous avons \u00e9limin\u00e9 le polyester des compositions de nos tissus de toutes nos gammes de produits afin de r\u00e9duire l\u2019impact environnemental. <\/p>\n","protected":false},"excerpt":{"rendered":"<p>Le tablier porte-monnaie couleur Noir de ROLL DRAP se caract\u00e9rise par une conception qui int\u00e8gre 3&nbsp;poches facilitant le travail du personnel de salle. Avec une finition antitache &#8211; protect qui assure la durabilit\u00e9 et la propret\u00e9 du produit, ce tablier avec 3&nbsp;poches est principalement con\u00e7u pour le service en salle. Chez ROLL DRAP, nous fabriquons [&hellip;]<\/p>\n","protected":false},"featured_media":1776,"comment_status":"closed","ping_status":"closed","template":"","meta":{"_acf_changed":false},"product_brand":[],"product_cat":[206,200,194],"product_tag":[],"class_list":{"0":"post-5809","1":"product","2":"type-product","3":"status-publish","4":"has-post-thumbnail","6":"product_cat-blouses-de-service-porte-monnaie","7":"product_cat-noir","8":"product_cat-professionnel","9":"pa_formato-lot-de-1-unite","10":"product_finish-anti-taches","11":"product_finish-antibacterien-biocide","12":"product_size-taille-unique","13":"product_model_color-tablier-porte-monnaie","14":"product_color-noir","15":"product_care-leau-de-javel-peut-etre-utilisee","16":"product_care-laver-en-machine-a-une-temperature-maximale-de-30-oc","17":"product_care-peut-etre-repasse-a-temperature-moyenne-max-150-oc","18":"product_care-peut-etre-seche-en-machine","20":"first","21":"instock","22":"taxable","23":"shipping-taxable","24":"product-type-simple"},"acf":[],"yoast_head":"<!-- This site is optimized with the Yoast SEO plugin v27.6 - https:\/\/yoast.com\/product\/yoast-seo-wordpress\/ -->\n<title>Tablier porte-monnaie couleur Noir &#8211; Roll Drap<\/title>\n<meta name=\"robots\" content=\"noindex, follow\" \/>\n<meta property=\"og:locale\" content=\"fr_FR\" \/>\n<meta property=\"og:type\" content=\"article\" \/>\n<meta property=\"og:title\" content=\"Tablier porte-monnaie couleur Noir &#8211; Roll Drap\" \/>\n<meta property=\"og:description\" content=\"Le tablier porte-monnaie couleur Noir de ROLL DRAP se caract\u00e9rise par une conception qui int\u00e8gre 3&nbsp;poches facilitant le travail du personnel de salle. Avec une finition antitache &#8211; protect qui assure la durabilit\u00e9 et la propret\u00e9 du produit, ce tablier avec 3&nbsp;poches est principalement con\u00e7u pour le service en salle. Chez ROLL DRAP, nous fabriquons [&hellip;]\" \/>\n<meta property=\"og:url\" content=\"https:\/\/www.rolldrap.com\/fr\/professionnel\/tabliers-et-blouses\/tabliers-et-blouses-de-service\/blouses-de-service-porte-monnaie\/tablier-porte-monnaie-couleur-noir\/\" \/>\n<meta property=\"og:site_name\" content=\"Roll Drap\" \/>\n<meta property=\"og:image\" content=\"https:\/\/www.rolldrap.com\/wp-content\/uploads\/2021\/09\/MS7550A03-201L-P01E_01-scaled.jpg\" \/>\n\t<meta property=\"og:image:width\" content=\"2000\" \/>\n\t<meta property=\"og:image:height\" content=\"3000\" \/>\n\t<meta property=\"og:image:type\" content=\"image\/jpeg\" \/>\n<meta name=\"twitter:card\" content=\"summary_large_image\" \/>\n<script type=\"application\/ld+json\" class=\"yoast-schema-graph\">{\"@context\":\"https:\\\/\\\/schema.org\",\"@graph\":[{\"@type\":\"WebPage\",\"@id\":\"https:\\\/\\\/www.rolldrap.com\\\/fr\\\/professionnel\\\/tabliers-et-blouses\\\/tabliers-et-blouses-de-service\\\/blouses-de-service-porte-monnaie\\\/tablier-porte-monnaie-couleur-noir\\\/\",\"url\":\"https:\\\/\\\/www.rolldrap.com\\\/fr\\\/professionnel\\\/tabliers-et-blouses\\\/tabliers-et-blouses-de-service\\\/blouses-de-service-porte-monnaie\\\/tablier-porte-monnaie-couleur-noir\\\/\",\"name\":\"Tablier porte-monnaie couleur Noir &#8211; Roll Drap\",\"isPartOf\":{\"@id\":\"https:\\\/\\\/www.rolldrap.com\\\/fr\\\/#website\"},\"primaryImageOfPage\":{\"@id\":\"https:\\\/\\\/www.rolldrap.com\\\/fr\\\/professionnel\\\/tabliers-et-blouses\\\/tabliers-et-blouses-de-service\\\/blouses-de-service-porte-monnaie\\\/tablier-porte-monnaie-couleur-noir\\\/#primaryimage\"},\"image\":{\"@id\":\"https:\\\/\\\/www.rolldrap.com\\\/fr\\\/professionnel\\\/tabliers-et-blouses\\\/tabliers-et-blouses-de-service\\\/blouses-de-service-porte-monnaie\\\/tablier-porte-monnaie-couleur-noir\\\/#primaryimage\"},\"thumbnailUrl\":\"https:\\\/\\\/www.rolldrap.com\\\/wp-content\\\/uploads\\\/2021\\\/09\\\/MS7550A03-201L-P01E_01-scaled.jpg\",\"datePublished\":\"2021-09-29T23:24:26+00:00\",\"breadcrumb\":{\"@id\":\"https:\\\/\\\/www.rolldrap.com\\\/fr\\\/professionnel\\\/tabliers-et-blouses\\\/tabliers-et-blouses-de-service\\\/blouses-de-service-porte-monnaie\\\/tablier-porte-monnaie-couleur-noir\\\/#breadcrumb\"},\"inLanguage\":\"fr-FR\",\"potentialAction\":[{\"@type\":\"ReadAction\",\"target\":[\"https:\\\/\\\/www.rolldrap.com\\\/fr\\\/professionnel\\\/tabliers-et-blouses\\\/tabliers-et-blouses-de-service\\\/blouses-de-service-porte-monnaie\\\/tablier-porte-monnaie-couleur-noir\\\/\"]}]},{\"@type\":\"ImageObject\",\"inLanguage\":\"fr-FR\",\"@id\":\"https:\\\/\\\/www.rolldrap.com\\\/fr\\\/professionnel\\\/tabliers-et-blouses\\\/tabliers-et-blouses-de-service\\\/blouses-de-service-porte-monnaie\\\/tablier-porte-monnaie-couleur-noir\\\/#primaryimage\",\"url\":\"https:\\\/\\\/www.rolldrap.com\\\/wp-content\\\/uploads\\\/2021\\\/09\\\/MS7550A03-201L-P01E_01-scaled.jpg\",\"contentUrl\":\"https:\\\/\\\/www.rolldrap.com\\\/wp-content\\\/uploads\\\/2021\\\/09\\\/MS7550A03-201L-P01E_01-scaled.jpg\",\"width\":2000,\"height\":3000},{\"@type\":\"BreadcrumbList\",\"@id\":\"https:\\\/\\\/www.rolldrap.com\\\/fr\\\/professionnel\\\/tabliers-et-blouses\\\/tabliers-et-blouses-de-service\\\/blouses-de-service-porte-monnaie\\\/tablier-porte-monnaie-couleur-noir\\\/#breadcrumb\",\"itemListElement\":[{\"@type\":\"ListItem\",\"position\":1,\"name\":\"Portada\",\"item\":\"https:\\\/\\\/www.rolldrap.com\\\/fr\\\/\"},{\"@type\":\"ListItem\",\"position\":2,\"name\":\"Boutique\",\"item\":\"https:\\\/\\\/www.rolldrap.com\\\/shop\\\/\"},{\"@type\":\"ListItem\",\"position\":3,\"name\":\"Tablier porte-monnaie couleur Noir\"}]},{\"@type\":\"WebSite\",\"@id\":\"https:\\\/\\\/www.rolldrap.com\\\/fr\\\/#website\",\"url\":\"https:\\\/\\\/www.rolldrap.com\\\/fr\\\/\",\"name\":\"Roll Drap\",\"description\":\"Limpieza y protecci\u00f3n 100% algod\u00f3n\",\"potentialAction\":[{\"@type\":\"SearchAction\",\"target\":{\"@type\":\"EntryPoint\",\"urlTemplate\":\"https:\\\/\\\/www.rolldrap.com\\\/fr\\\/?s={search_term_string}\"},\"query-input\":{\"@type\":\"PropertyValueSpecification\",\"valueRequired\":true,\"valueName\":\"search_term_string\"}}],\"inLanguage\":\"fr-FR\"}]}<\/script>\n<!-- \/ Yoast SEO plugin. -->","yoast_head_json":{"title":"Tablier porte-monnaie couleur Noir &#8211; Roll Drap","robots":{"index":"noindex","follow":"follow"},"og_locale":"fr_FR","og_type":"article","og_title":"Tablier porte-monnaie couleur Noir &#8211; Roll Drap","og_description":"Le tablier porte-monnaie couleur Noir de ROLL DRAP se caract\u00e9rise par une conception qui int\u00e8gre 3&nbsp;poches facilitant le travail du personnel de salle. Avec une finition antitache &#8211; protect qui assure la durabilit\u00e9 et la propret\u00e9 du produit, ce tablier avec 3&nbsp;poches est principalement con\u00e7u pour le service en salle. Chez ROLL DRAP, nous fabriquons [&hellip;]","og_url":"https:\/\/www.rolldrap.com\/fr\/professionnel\/tabliers-et-blouses\/tabliers-et-blouses-de-service\/blouses-de-service-porte-monnaie\/tablier-porte-monnaie-couleur-noir\/","og_site_name":"Roll Drap","og_image":[{"width":2000,"height":3000,"url":"https:\/\/www.rolldrap.com\/wp-content\/uploads\/2021\/09\/MS7550A03-201L-P01E_01-scaled.jpg","type":"image\/jpeg"}],"twitter_card":"summary_large_image","schema":{"@context":"https:\/\/schema.org","@graph":[{"@type":"WebPage","@id":"https:\/\/www.rolldrap.com\/fr\/professionnel\/tabliers-et-blouses\/tabliers-et-blouses-de-service\/blouses-de-service-porte-monnaie\/tablier-porte-monnaie-couleur-noir\/","url":"https:\/\/www.rolldrap.com\/fr\/professionnel\/tabliers-et-blouses\/tabliers-et-blouses-de-service\/blouses-de-service-porte-monnaie\/tablier-porte-monnaie-couleur-noir\/","name":"Tablier porte-monnaie couleur Noir &#8211; Roll Drap","isPartOf":{"@id":"https:\/\/www.rolldrap.com\/fr\/#website"},"primaryImageOfPage":{"@id":"https:\/\/www.rolldrap.com\/fr\/professionnel\/tabliers-et-blouses\/tabliers-et-blouses-de-service\/blouses-de-service-porte-monnaie\/tablier-porte-monnaie-couleur-noir\/#primaryimage"},"image":{"@id":"https:\/\/www.rolldrap.com\/fr\/professionnel\/tabliers-et-blouses\/tabliers-et-blouses-de-service\/blouses-de-service-porte-monnaie\/tablier-porte-monnaie-couleur-noir\/#primaryimage"},"thumbnailUrl":"https:\/\/www.rolldrap.com\/wp-content\/uploads\/2021\/09\/MS7550A03-201L-P01E_01-scaled.jpg","datePublished":"2021-09-29T23:24:26+00:00","breadcrumb":{"@id":"https:\/\/www.rolldrap.com\/fr\/professionnel\/tabliers-et-blouses\/tabliers-et-blouses-de-service\/blouses-de-service-porte-monnaie\/tablier-porte-monnaie-couleur-noir\/#breadcrumb"},"inLanguage":"fr-FR","potentialAction":[{"@type":"ReadAction","target":["https:\/\/www.rolldrap.com\/fr\/professionnel\/tabliers-et-blouses\/tabliers-et-blouses-de-service\/blouses-de-service-porte-monnaie\/tablier-porte-monnaie-couleur-noir\/"]}]},{"@type":"ImageObject","inLanguage":"fr-FR","@id":"https:\/\/www.rolldrap.com\/fr\/professionnel\/tabliers-et-blouses\/tabliers-et-blouses-de-service\/blouses-de-service-porte-monnaie\/tablier-porte-monnaie-couleur-noir\/#primaryimage","url":"https:\/\/www.rolldrap.com\/wp-content\/uploads\/2021\/09\/MS7550A03-201L-P01E_01-scaled.jpg","contentUrl":"https:\/\/www.rolldrap.com\/wp-content\/uploads\/2021\/09\/MS7550A03-201L-P01E_01-scaled.jpg","width":2000,"height":3000},{"@type":"BreadcrumbList","@id":"https:\/\/www.rolldrap.com\/fr\/professionnel\/tabliers-et-blouses\/tabliers-et-blouses-de-service\/blouses-de-service-porte-monnaie\/tablier-porte-monnaie-couleur-noir\/#breadcrumb","itemListElement":[{"@type":"ListItem","position":1,"name":"Portada","item":"https:\/\/www.rolldrap.com\/fr\/"},{"@type":"ListItem","position":2,"name":"Boutique","item":"https:\/\/www.rolldrap.com\/shop\/"},{"@type":"ListItem","position":3,"name":"Tablier porte-monnaie couleur Noir"}]},{"@type":"WebSite","@id":"https:\/\/www.rolldrap.com\/fr\/#website","url":"https:\/\/www.rolldrap.com\/fr\/","name":"Roll Drap","description":"Limpieza y protecci\u00f3n 100% algod\u00f3n","potentialAction":[{"@type":"SearchAction","target":{"@type":"EntryPoint","urlTemplate":"https:\/\/www.rolldrap.com\/fr\/?s={search_term_string}"},"query-input":{"@type":"PropertyValueSpecification","valueRequired":true,"valueName":"search_term_string"}}],"inLanguage":"fr-FR"}]}},"_links":{"self":[{"href":"https:\/\/www.rolldrap.com\/fr\/wp-json\/wp\/v2\/product\/5809","targetHints":{"allow":["GET"]}}],"collection":[{"href":"https:\/\/www.rolldrap.com\/fr\/wp-json\/wp\/v2\/product"}],"about":[{"href":"https:\/\/www.rolldrap.com\/fr\/wp-json\/wp\/v2\/types\/product"}],"replies":[{"embeddable":true,"href":"https:\/\/www.rolldrap.com\/fr\/wp-json\/wp\/v2\/comments?post=5809"}],"wp:featuredmedia":[{"embeddable":true,"href":"https:\/\/www.rolldrap.com\/fr\/wp-json\/wp\/v2\/media\/1776"}],"wp:attachment":[{"href":"https:\/\/www.rolldrap.com\/fr\/wp-json\/wp\/v2\/media?parent=5809"}],"wp:term":[{"taxonomy":"product_brand","embeddable":true,"href":"https:\/\/www.rolldrap.com\/fr\/wp-json\/wp\/v2\/product_brand?post=5809"},{"taxonomy":"product_cat","embeddable":true,"href":"https:\/\/www.rolldrap.com\/fr\/wp-json\/wp\/v2\/product_cat?post=5809"},{"taxonomy":"product_tag","embeddable":true,"href":"https:\/\/www.rolldrap.com\/fr\/wp-json\/wp\/v2\/product_tag?post=5809"}],"curies":[{"name":"wp","href":"https:\/\/api.w.org\/{rel}","templated":true}]}}