{"id":6042,"date":"2021-09-29T23:19:49","date_gmt":"2021-09-29T23:19:49","guid":{"rendered":"https:\/\/www.rolldrap.com\/non class\u00e9\/tablier-bavoir-blanc\/"},"modified":"2021-09-29T23:19:49","modified_gmt":"2021-09-29T23:19:49","slug":"tablier-bavoir-blanc","status":"publish","type":"product","link":"https:\/\/www.rolldrap.com\/fr\/professionnel\/tabliers-et-blouses\/tabliers-et-blouses-de-cuisine\/tabliers-de-cuisine\/tablier-bavoir-blanc\/","title":{"rendered":"Tablier bavoir blanc"},"content":{"rendered":"<p>Le tablier bavoir blanc ROLL DRAP se caract\u00e9rise par une finition antitache Protect qui assure la durabilit\u00e9 et la propret\u00e9 du produit. Ce tablier bavoir est con\u00e7u pour le service en cuisine, o\u00f9 sa composition le rend l\u00e9ger, fonctionnel et respirant. <\/p>\n<p>Chez ROLL DRAP, nous fabriquons 100 % de nos produits dans nos installations de Barcelone (Espagne), en misant totalement sur les fibres naturelles. Nous avons \u00e9limin\u00e9 le polyester des compositions de nos tissus de toutes nos gammes de produits afin de r\u00e9duire l\u2019impact environnemental. <\/p>\n","protected":false},"excerpt":{"rendered":"<p>Le tablier bavoir blanc ROLL DRAP se caract\u00e9rise par une finition antitache Protect qui assure la durabilit\u00e9 et la propret\u00e9 du produit. Ce tablier bavoir est con\u00e7u pour le service en cuisine, o\u00f9 sa composition le rend l\u00e9ger, fonctionnel et respirant. Chez ROLL DRAP, nous fabriquons 100 % de nos produits dans nos installations de [&hellip;]<\/p>\n","protected":false},"featured_media":1730,"comment_status":"closed","ping_status":"closed","template":"","meta":{"_acf_changed":false},"product_brand":[],"product_cat":[197,194,204,209,202],"product_tag":[],"class_list":{"0":"post-6042","1":"product","2":"type-product","3":"status-publish","4":"has-post-thumbnail","6":"product_cat-blanc","7":"product_cat-professionnel","8":"product_cat-tabliers-a-bavette-et-poche-de-service","9":"product_cat-tabliers-de-cuisine","10":"product_cat-tabliers-et-blouses","11":"pa_formato-lot-de-1-unite","12":"product_finish-anti-taches","13":"product_finish-antibacterien-biocide","14":"product_size-taille-unique","15":"product_model_color-bonnet-a-maille","16":"product_model_color-bonnet-pirate","17":"product_model_color-tabliers-de-cuisine","18":"product_color-blanc","19":"product_color-blanc-optique","20":"product_details-100-coton","21":"product_details-absorption-maximale","22":"product_details-anti-taches-et-antibacterien","23":"product_details-avec-ruban-entonnoir","24":"product_details-resistant","25":"product_details-reutilisable","26":"product_details-taille-unique","27":"product_care-leau-de-javel-peut-etre-utilisee","28":"product_care-laver-en-machine-a-une-temperature-maximale-de-30-oc","29":"product_care-peut-etre-repasse-a-temperature-moyenne-max-150-oc","30":"product_care-peut-etre-seche-en-machine","32":"first","33":"instock","34":"taxable","35":"shipping-taxable","36":"product-type-simple"},"acf":[],"yoast_head":"<!-- This site is optimized with the Yoast SEO plugin v27.6 - https:\/\/yoast.com\/product\/yoast-seo-wordpress\/ -->\n<title>Tablier bavoir blanc &#8211; Roll Drap<\/title>\n<meta name=\"robots\" content=\"index, follow, max-snippet:-1, max-image-preview:large, max-video-preview:-1\" \/>\n<link rel=\"canonical\" href=\"https:\/\/www.rolldrap.com\/fr\/professionnel\/tabliers-et-blouses\/tabliers-et-blouses-de-cuisine\/tabliers-de-cuisine\/tablier-bavoir-blanc\/\" \/>\n<meta property=\"og:locale\" content=\"fr_FR\" \/>\n<meta property=\"og:type\" content=\"article\" \/>\n<meta property=\"og:title\" content=\"Tablier bavoir blanc &#8211; Roll Drap\" \/>\n<meta property=\"og:description\" content=\"Le tablier bavoir blanc ROLL DRAP se caract\u00e9rise par une finition antitache Protect qui assure la durabilit\u00e9 et la propret\u00e9 du produit. Ce tablier bavoir est con\u00e7u pour le service en cuisine, o\u00f9 sa composition le rend l\u00e9ger, fonctionnel et respirant. Chez ROLL DRAP, nous fabriquons 100 % de nos produits dans nos installations de [&hellip;]\" \/>\n<meta property=\"og:url\" content=\"https:\/\/www.rolldrap.com\/fr\/professionnel\/tabliers-et-blouses\/tabliers-et-blouses-de-cuisine\/tabliers-de-cuisine\/tablier-bavoir-blanc\/\" \/>\n<meta property=\"og:site_name\" content=\"Roll Drap\" \/>\n<meta property=\"og:image\" content=\"https:\/\/www.rolldrap.com\/wp-content\/uploads\/2021\/09\/DS7590A03-101L-P01E_01-scaled.jpg\" \/>\n\t<meta property=\"og:image:width\" content=\"2000\" \/>\n\t<meta property=\"og:image:height\" content=\"3000\" \/>\n\t<meta property=\"og:image:type\" content=\"image\/jpeg\" \/>\n<meta name=\"twitter:card\" content=\"summary_large_image\" \/>\n<script type=\"application\/ld+json\" class=\"yoast-schema-graph\">{\"@context\":\"https:\\\/\\\/schema.org\",\"@graph\":[{\"@type\":\"WebPage\",\"@id\":\"https:\\\/\\\/www.rolldrap.com\\\/fr\\\/professionnel\\\/tabliers-et-blouses\\\/tabliers-et-blouses-de-cuisine\\\/tabliers-de-cuisine\\\/tablier-bavoir-blanc\\\/\",\"url\":\"https:\\\/\\\/www.rolldrap.com\\\/fr\\\/professionnel\\\/tabliers-et-blouses\\\/tabliers-et-blouses-de-cuisine\\\/tabliers-de-cuisine\\\/tablier-bavoir-blanc\\\/\",\"name\":\"Tablier bavoir blanc &#8211; Roll Drap\",\"isPartOf\":{\"@id\":\"https:\\\/\\\/www.rolldrap.com\\\/fr\\\/#website\"},\"primaryImageOfPage\":{\"@id\":\"https:\\\/\\\/www.rolldrap.com\\\/fr\\\/professionnel\\\/tabliers-et-blouses\\\/tabliers-et-blouses-de-cuisine\\\/tabliers-de-cuisine\\\/tablier-bavoir-blanc\\\/#primaryimage\"},\"image\":{\"@id\":\"https:\\\/\\\/www.rolldrap.com\\\/fr\\\/professionnel\\\/tabliers-et-blouses\\\/tabliers-et-blouses-de-cuisine\\\/tabliers-de-cuisine\\\/tablier-bavoir-blanc\\\/#primaryimage\"},\"thumbnailUrl\":\"https:\\\/\\\/www.rolldrap.com\\\/wp-content\\\/uploads\\\/2021\\\/09\\\/DS7590A03-101L-P01E_01-scaled.jpg\",\"datePublished\":\"2021-09-29T23:19:49+00:00\",\"breadcrumb\":{\"@id\":\"https:\\\/\\\/www.rolldrap.com\\\/fr\\\/professionnel\\\/tabliers-et-blouses\\\/tabliers-et-blouses-de-cuisine\\\/tabliers-de-cuisine\\\/tablier-bavoir-blanc\\\/#breadcrumb\"},\"inLanguage\":\"fr-FR\",\"potentialAction\":[{\"@type\":\"ReadAction\",\"target\":[\"https:\\\/\\\/www.rolldrap.com\\\/fr\\\/professionnel\\\/tabliers-et-blouses\\\/tabliers-et-blouses-de-cuisine\\\/tabliers-de-cuisine\\\/tablier-bavoir-blanc\\\/\"]}]},{\"@type\":\"ImageObject\",\"inLanguage\":\"fr-FR\",\"@id\":\"https:\\\/\\\/www.rolldrap.com\\\/fr\\\/professionnel\\\/tabliers-et-blouses\\\/tabliers-et-blouses-de-cuisine\\\/tabliers-de-cuisine\\\/tablier-bavoir-blanc\\\/#primaryimage\",\"url\":\"https:\\\/\\\/www.rolldrap.com\\\/wp-content\\\/uploads\\\/2021\\\/09\\\/DS7590A03-101L-P01E_01-scaled.jpg\",\"contentUrl\":\"https:\\\/\\\/www.rolldrap.com\\\/wp-content\\\/uploads\\\/2021\\\/09\\\/DS7590A03-101L-P01E_01-scaled.jpg\",\"width\":2000,\"height\":3000},{\"@type\":\"BreadcrumbList\",\"@id\":\"https:\\\/\\\/www.rolldrap.com\\\/fr\\\/professionnel\\\/tabliers-et-blouses\\\/tabliers-et-blouses-de-cuisine\\\/tabliers-de-cuisine\\\/tablier-bavoir-blanc\\\/#breadcrumb\",\"itemListElement\":[{\"@type\":\"ListItem\",\"position\":1,\"name\":\"Portada\",\"item\":\"https:\\\/\\\/www.rolldrap.com\\\/fr\\\/\"},{\"@type\":\"ListItem\",\"position\":2,\"name\":\"Boutique\",\"item\":\"https:\\\/\\\/www.rolldrap.com\\\/shop\\\/\"},{\"@type\":\"ListItem\",\"position\":3,\"name\":\"Tablier bavoir blanc\"}]},{\"@type\":\"WebSite\",\"@id\":\"https:\\\/\\\/www.rolldrap.com\\\/fr\\\/#website\",\"url\":\"https:\\\/\\\/www.rolldrap.com\\\/fr\\\/\",\"name\":\"Roll Drap\",\"description\":\"Limpieza y protecci\u00f3n 100% algod\u00f3n\",\"potentialAction\":[{\"@type\":\"SearchAction\",\"target\":{\"@type\":\"EntryPoint\",\"urlTemplate\":\"https:\\\/\\\/www.rolldrap.com\\\/fr\\\/?s={search_term_string}\"},\"query-input\":{\"@type\":\"PropertyValueSpecification\",\"valueRequired\":true,\"valueName\":\"search_term_string\"}}],\"inLanguage\":\"fr-FR\"}]}<\/script>\n<!-- \/ Yoast SEO plugin. -->","yoast_head_json":{"title":"Tablier bavoir blanc &#8211; Roll Drap","robots":{"index":"index","follow":"follow","max-snippet":"max-snippet:-1","max-image-preview":"max-image-preview:large","max-video-preview":"max-video-preview:-1"},"canonical":"https:\/\/www.rolldrap.com\/fr\/professionnel\/tabliers-et-blouses\/tabliers-et-blouses-de-cuisine\/tabliers-de-cuisine\/tablier-bavoir-blanc\/","og_locale":"fr_FR","og_type":"article","og_title":"Tablier bavoir blanc &#8211; Roll Drap","og_description":"Le tablier bavoir blanc ROLL DRAP se caract\u00e9rise par une finition antitache Protect qui assure la durabilit\u00e9 et la propret\u00e9 du produit. Ce tablier bavoir est con\u00e7u pour le service en cuisine, o\u00f9 sa composition le rend l\u00e9ger, fonctionnel et respirant. Chez ROLL DRAP, nous fabriquons 100 % de nos produits dans nos installations de [&hellip;]","og_url":"https:\/\/www.rolldrap.com\/fr\/professionnel\/tabliers-et-blouses\/tabliers-et-blouses-de-cuisine\/tabliers-de-cuisine\/tablier-bavoir-blanc\/","og_site_name":"Roll Drap","og_image":[{"width":2000,"height":3000,"url":"https:\/\/www.rolldrap.com\/wp-content\/uploads\/2021\/09\/DS7590A03-101L-P01E_01-scaled.jpg","type":"image\/jpeg"}],"twitter_card":"summary_large_image","schema":{"@context":"https:\/\/schema.org","@graph":[{"@type":"WebPage","@id":"https:\/\/www.rolldrap.com\/fr\/professionnel\/tabliers-et-blouses\/tabliers-et-blouses-de-cuisine\/tabliers-de-cuisine\/tablier-bavoir-blanc\/","url":"https:\/\/www.rolldrap.com\/fr\/professionnel\/tabliers-et-blouses\/tabliers-et-blouses-de-cuisine\/tabliers-de-cuisine\/tablier-bavoir-blanc\/","name":"Tablier bavoir blanc &#8211; Roll Drap","isPartOf":{"@id":"https:\/\/www.rolldrap.com\/fr\/#website"},"primaryImageOfPage":{"@id":"https:\/\/www.rolldrap.com\/fr\/professionnel\/tabliers-et-blouses\/tabliers-et-blouses-de-cuisine\/tabliers-de-cuisine\/tablier-bavoir-blanc\/#primaryimage"},"image":{"@id":"https:\/\/www.rolldrap.com\/fr\/professionnel\/tabliers-et-blouses\/tabliers-et-blouses-de-cuisine\/tabliers-de-cuisine\/tablier-bavoir-blanc\/#primaryimage"},"thumbnailUrl":"https:\/\/www.rolldrap.com\/wp-content\/uploads\/2021\/09\/DS7590A03-101L-P01E_01-scaled.jpg","datePublished":"2021-09-29T23:19:49+00:00","breadcrumb":{"@id":"https:\/\/www.rolldrap.com\/fr\/professionnel\/tabliers-et-blouses\/tabliers-et-blouses-de-cuisine\/tabliers-de-cuisine\/tablier-bavoir-blanc\/#breadcrumb"},"inLanguage":"fr-FR","potentialAction":[{"@type":"ReadAction","target":["https:\/\/www.rolldrap.com\/fr\/professionnel\/tabliers-et-blouses\/tabliers-et-blouses-de-cuisine\/tabliers-de-cuisine\/tablier-bavoir-blanc\/"]}]},{"@type":"ImageObject","inLanguage":"fr-FR","@id":"https:\/\/www.rolldrap.com\/fr\/professionnel\/tabliers-et-blouses\/tabliers-et-blouses-de-cuisine\/tabliers-de-cuisine\/tablier-bavoir-blanc\/#primaryimage","url":"https:\/\/www.rolldrap.com\/wp-content\/uploads\/2021\/09\/DS7590A03-101L-P01E_01-scaled.jpg","contentUrl":"https:\/\/www.rolldrap.com\/wp-content\/uploads\/2021\/09\/DS7590A03-101L-P01E_01-scaled.jpg","width":2000,"height":3000},{"@type":"BreadcrumbList","@id":"https:\/\/www.rolldrap.com\/fr\/professionnel\/tabliers-et-blouses\/tabliers-et-blouses-de-cuisine\/tabliers-de-cuisine\/tablier-bavoir-blanc\/#breadcrumb","itemListElement":[{"@type":"ListItem","position":1,"name":"Portada","item":"https:\/\/www.rolldrap.com\/fr\/"},{"@type":"ListItem","position":2,"name":"Boutique","item":"https:\/\/www.rolldrap.com\/shop\/"},{"@type":"ListItem","position":3,"name":"Tablier bavoir blanc"}]},{"@type":"WebSite","@id":"https:\/\/www.rolldrap.com\/fr\/#website","url":"https:\/\/www.rolldrap.com\/fr\/","name":"Roll Drap","description":"Limpieza y protecci\u00f3n 100% algod\u00f3n","potentialAction":[{"@type":"SearchAction","target":{"@type":"EntryPoint","urlTemplate":"https:\/\/www.rolldrap.com\/fr\/?s={search_term_string}"},"query-input":{"@type":"PropertyValueSpecification","valueRequired":true,"valueName":"search_term_string"}}],"inLanguage":"fr-FR"}]}},"_links":{"self":[{"href":"https:\/\/www.rolldrap.com\/fr\/wp-json\/wp\/v2\/product\/6042","targetHints":{"allow":["GET"]}}],"collection":[{"href":"https:\/\/www.rolldrap.com\/fr\/wp-json\/wp\/v2\/product"}],"about":[{"href":"https:\/\/www.rolldrap.com\/fr\/wp-json\/wp\/v2\/types\/product"}],"replies":[{"embeddable":true,"href":"https:\/\/www.rolldrap.com\/fr\/wp-json\/wp\/v2\/comments?post=6042"}],"wp:featuredmedia":[{"embeddable":true,"href":"https:\/\/www.rolldrap.com\/fr\/wp-json\/wp\/v2\/media\/1730"}],"wp:attachment":[{"href":"https:\/\/www.rolldrap.com\/fr\/wp-json\/wp\/v2\/media?parent=6042"}],"wp:term":[{"taxonomy":"product_brand","embeddable":true,"href":"https:\/\/www.rolldrap.com\/fr\/wp-json\/wp\/v2\/product_brand?post=6042"},{"taxonomy":"product_cat","embeddable":true,"href":"https:\/\/www.rolldrap.com\/fr\/wp-json\/wp\/v2\/product_cat?post=6042"},{"taxonomy":"product_tag","embeddable":true,"href":"https:\/\/www.rolldrap.com\/fr\/wp-json\/wp\/v2\/product_tag?post=6042"}],"curies":[{"name":"wp","href":"https:\/\/api.w.org\/{rel}","templated":true}]}}