{"id":6063,"date":"2021-09-29T23:20:21","date_gmt":"2021-09-29T23:20:21","guid":{"rendered":"https:\/\/www.rolldrap.com\/non class\u00e9\/tablier-plastifie-de-couleur-blanche\/"},"modified":"2021-09-29T23:20:21","modified_gmt":"2021-09-29T23:20:21","slug":"tablier-plastifie-de-couleur-blanche","status":"publish","type":"product","link":"https:\/\/www.rolldrap.com\/fr\/professionnel\/tabliers-et-blouses\/tabliers-et-blouses-de-cuisine\/tabliers-de-cuisine\/tablier-plastifie-de-couleur-blanche\/","title":{"rendered":"Tablier plastifi\u00e9 de couleur blanche"},"content":{"rendered":"<p>Ce tablier plastifi\u00e9 blanc ROLL DRAP est sp\u00e9cialement con\u00e7u pour le service en cuisine, en particulier pour les zones froides et les zones d\u2019\u00e9vier, car sa conception plastifi\u00e9e en PVC facilite le travail dans ces zones, ce qui en fait un tablier plastifi\u00e9 l\u00e9ger et tr\u00e8s r\u00e9sistant.<\/p>\n<p>Chez ROLL DRAP, nous fabriquons 100 % de nos produits dans nos installations de Barcelone (Espagne), en misant totalement sur les fibres naturelles. Nous avons \u00e9limin\u00e9 le polyester des compositions de nos tissus de toutes nos gammes de produits afin de r\u00e9duire l\u2019impact environnemental. <\/p>\n","protected":false},"excerpt":{"rendered":"<p>Ce tablier plastifi\u00e9 blanc ROLL DRAP est sp\u00e9cialement con\u00e7u pour le service en cuisine, en particulier pour les zones froides et les zones d\u2019\u00e9vier, car sa conception plastifi\u00e9e en PVC facilite le travail dans ces zones, ce qui en fait un tablier plastifi\u00e9 l\u00e9ger et tr\u00e8s r\u00e9sistant. Chez ROLL DRAP, nous fabriquons 100 % de [&hellip;]<\/p>\n","protected":false},"featured_media":1735,"comment_status":"closed","ping_status":"closed","template":"","meta":{"_acf_changed":false},"product_brand":[],"product_cat":[194,204,209,202],"product_tag":[],"class_list":{"0":"post-6063","1":"product","2":"type-product","3":"status-publish","4":"has-post-thumbnail","6":"product_cat-professionnel","7":"product_cat-tabliers-a-bavette-et-poche-de-service","8":"product_cat-tabliers-de-cuisine","9":"product_cat-tabliers-et-blouses","10":"pa_formato-lot-de-1-unite","11":"product_finish-anti-taches","12":"product_finish-antibacterien-biocide","13":"product_size-taille-unique","14":"product_model_color-bonnet-a-maille","15":"product_model_color-bonnet-pirate","16":"product_model_color-tabliers-de-cuisine","17":"product_color-blanc","18":"product_color-blanc-optique","19":"product_details-anti-taches","20":"product_details-avec-ruban-entonnoir","21":"product_details-resistant","22":"product_details-reutilisable","23":"product_details-taille-unique","24":"product_care-leau-de-javel-peut-etre-utilisee","25":"product_care-laver-en-machine-a-une-temperature-maximale-de-30-oc","26":"product_care-peut-etre-repasse-a-temperature-moyenne-max-150-oc","27":"product_care-peut-etre-seche-en-machine","29":"first","30":"instock","31":"taxable","32":"shipping-taxable","33":"product-type-simple"},"acf":[],"yoast_head":"<!-- This site is optimized with the Yoast SEO plugin v27.6 - https:\/\/yoast.com\/product\/yoast-seo-wordpress\/ -->\n<title>Tablier plastifi\u00e9 de couleur blanche &#8211; Roll Drap<\/title>\n<meta name=\"robots\" content=\"index, follow, max-snippet:-1, max-image-preview:large, max-video-preview:-1\" \/>\n<link rel=\"canonical\" href=\"https:\/\/www.rolldrap.com\/fr\/professionnel\/tabliers-et-blouses\/tabliers-et-blouses-de-cuisine\/tabliers-de-cuisine\/tablier-plastifie-de-couleur-blanche\/\" \/>\n<meta property=\"og:locale\" content=\"fr_FR\" \/>\n<meta property=\"og:type\" content=\"article\" \/>\n<meta property=\"og:title\" content=\"Tablier plastifi\u00e9 de couleur blanche &#8211; Roll Drap\" \/>\n<meta property=\"og:description\" content=\"Ce tablier plastifi\u00e9 blanc ROLL DRAP est sp\u00e9cialement con\u00e7u pour le service en cuisine, en particulier pour les zones froides et les zones d\u2019\u00e9vier, car sa conception plastifi\u00e9e en PVC facilite le travail dans ces zones, ce qui en fait un tablier plastifi\u00e9 l\u00e9ger et tr\u00e8s r\u00e9sistant. Chez ROLL DRAP, nous fabriquons 100 % de [&hellip;]\" \/>\n<meta property=\"og:url\" content=\"https:\/\/www.rolldrap.com\/fr\/professionnel\/tabliers-et-blouses\/tabliers-et-blouses-de-cuisine\/tabliers-de-cuisine\/tablier-plastifie-de-couleur-blanche\/\" \/>\n<meta property=\"og:site_name\" content=\"Roll Drap\" \/>\n<meta property=\"og:image\" content=\"https:\/\/www.rolldrap.com\/wp-content\/uploads\/2021\/09\/DP7590A03-101L-P01E_01-scaled.jpg\" \/>\n\t<meta property=\"og:image:width\" content=\"2000\" \/>\n\t<meta property=\"og:image:height\" content=\"3000\" \/>\n\t<meta property=\"og:image:type\" content=\"image\/jpeg\" \/>\n<meta name=\"twitter:card\" content=\"summary_large_image\" \/>\n<script type=\"application\/ld+json\" class=\"yoast-schema-graph\">{\"@context\":\"https:\\\/\\\/schema.org\",\"@graph\":[{\"@type\":\"WebPage\",\"@id\":\"https:\\\/\\\/www.rolldrap.com\\\/fr\\\/professionnel\\\/tabliers-et-blouses\\\/tabliers-et-blouses-de-cuisine\\\/tabliers-de-cuisine\\\/tablier-plastifie-de-couleur-blanche\\\/\",\"url\":\"https:\\\/\\\/www.rolldrap.com\\\/fr\\\/professionnel\\\/tabliers-et-blouses\\\/tabliers-et-blouses-de-cuisine\\\/tabliers-de-cuisine\\\/tablier-plastifie-de-couleur-blanche\\\/\",\"name\":\"Tablier plastifi\u00e9 de couleur blanche &#8211; Roll Drap\",\"isPartOf\":{\"@id\":\"https:\\\/\\\/www.rolldrap.com\\\/fr\\\/#website\"},\"primaryImageOfPage\":{\"@id\":\"https:\\\/\\\/www.rolldrap.com\\\/fr\\\/professionnel\\\/tabliers-et-blouses\\\/tabliers-et-blouses-de-cuisine\\\/tabliers-de-cuisine\\\/tablier-plastifie-de-couleur-blanche\\\/#primaryimage\"},\"image\":{\"@id\":\"https:\\\/\\\/www.rolldrap.com\\\/fr\\\/professionnel\\\/tabliers-et-blouses\\\/tabliers-et-blouses-de-cuisine\\\/tabliers-de-cuisine\\\/tablier-plastifie-de-couleur-blanche\\\/#primaryimage\"},\"thumbnailUrl\":\"https:\\\/\\\/www.rolldrap.com\\\/wp-content\\\/uploads\\\/2021\\\/09\\\/DP7590A03-101L-P01E_01-scaled.jpg\",\"datePublished\":\"2021-09-29T23:20:21+00:00\",\"breadcrumb\":{\"@id\":\"https:\\\/\\\/www.rolldrap.com\\\/fr\\\/professionnel\\\/tabliers-et-blouses\\\/tabliers-et-blouses-de-cuisine\\\/tabliers-de-cuisine\\\/tablier-plastifie-de-couleur-blanche\\\/#breadcrumb\"},\"inLanguage\":\"fr-FR\",\"potentialAction\":[{\"@type\":\"ReadAction\",\"target\":[\"https:\\\/\\\/www.rolldrap.com\\\/fr\\\/professionnel\\\/tabliers-et-blouses\\\/tabliers-et-blouses-de-cuisine\\\/tabliers-de-cuisine\\\/tablier-plastifie-de-couleur-blanche\\\/\"]}]},{\"@type\":\"ImageObject\",\"inLanguage\":\"fr-FR\",\"@id\":\"https:\\\/\\\/www.rolldrap.com\\\/fr\\\/professionnel\\\/tabliers-et-blouses\\\/tabliers-et-blouses-de-cuisine\\\/tabliers-de-cuisine\\\/tablier-plastifie-de-couleur-blanche\\\/#primaryimage\",\"url\":\"https:\\\/\\\/www.rolldrap.com\\\/wp-content\\\/uploads\\\/2021\\\/09\\\/DP7590A03-101L-P01E_01-scaled.jpg\",\"contentUrl\":\"https:\\\/\\\/www.rolldrap.com\\\/wp-content\\\/uploads\\\/2021\\\/09\\\/DP7590A03-101L-P01E_01-scaled.jpg\",\"width\":2000,\"height\":3000},{\"@type\":\"BreadcrumbList\",\"@id\":\"https:\\\/\\\/www.rolldrap.com\\\/fr\\\/professionnel\\\/tabliers-et-blouses\\\/tabliers-et-blouses-de-cuisine\\\/tabliers-de-cuisine\\\/tablier-plastifie-de-couleur-blanche\\\/#breadcrumb\",\"itemListElement\":[{\"@type\":\"ListItem\",\"position\":1,\"name\":\"Portada\",\"item\":\"https:\\\/\\\/www.rolldrap.com\\\/fr\\\/\"},{\"@type\":\"ListItem\",\"position\":2,\"name\":\"Boutique\",\"item\":\"https:\\\/\\\/www.rolldrap.com\\\/shop\\\/\"},{\"@type\":\"ListItem\",\"position\":3,\"name\":\"Tablier plastifi\u00e9 de couleur blanche\"}]},{\"@type\":\"WebSite\",\"@id\":\"https:\\\/\\\/www.rolldrap.com\\\/fr\\\/#website\",\"url\":\"https:\\\/\\\/www.rolldrap.com\\\/fr\\\/\",\"name\":\"Roll Drap\",\"description\":\"Limpieza y protecci\u00f3n 100% algod\u00f3n\",\"potentialAction\":[{\"@type\":\"SearchAction\",\"target\":{\"@type\":\"EntryPoint\",\"urlTemplate\":\"https:\\\/\\\/www.rolldrap.com\\\/fr\\\/?s={search_term_string}\"},\"query-input\":{\"@type\":\"PropertyValueSpecification\",\"valueRequired\":true,\"valueName\":\"search_term_string\"}}],\"inLanguage\":\"fr-FR\"}]}<\/script>\n<!-- \/ Yoast SEO plugin. -->","yoast_head_json":{"title":"Tablier plastifi\u00e9 de couleur blanche &#8211; Roll Drap","robots":{"index":"index","follow":"follow","max-snippet":"max-snippet:-1","max-image-preview":"max-image-preview:large","max-video-preview":"max-video-preview:-1"},"canonical":"https:\/\/www.rolldrap.com\/fr\/professionnel\/tabliers-et-blouses\/tabliers-et-blouses-de-cuisine\/tabliers-de-cuisine\/tablier-plastifie-de-couleur-blanche\/","og_locale":"fr_FR","og_type":"article","og_title":"Tablier plastifi\u00e9 de couleur blanche &#8211; Roll Drap","og_description":"Ce tablier plastifi\u00e9 blanc ROLL DRAP est sp\u00e9cialement con\u00e7u pour le service en cuisine, en particulier pour les zones froides et les zones d\u2019\u00e9vier, car sa conception plastifi\u00e9e en PVC facilite le travail dans ces zones, ce qui en fait un tablier plastifi\u00e9 l\u00e9ger et tr\u00e8s r\u00e9sistant. Chez ROLL DRAP, nous fabriquons 100 % de [&hellip;]","og_url":"https:\/\/www.rolldrap.com\/fr\/professionnel\/tabliers-et-blouses\/tabliers-et-blouses-de-cuisine\/tabliers-de-cuisine\/tablier-plastifie-de-couleur-blanche\/","og_site_name":"Roll Drap","og_image":[{"width":2000,"height":3000,"url":"https:\/\/www.rolldrap.com\/wp-content\/uploads\/2021\/09\/DP7590A03-101L-P01E_01-scaled.jpg","type":"image\/jpeg"}],"twitter_card":"summary_large_image","schema":{"@context":"https:\/\/schema.org","@graph":[{"@type":"WebPage","@id":"https:\/\/www.rolldrap.com\/fr\/professionnel\/tabliers-et-blouses\/tabliers-et-blouses-de-cuisine\/tabliers-de-cuisine\/tablier-plastifie-de-couleur-blanche\/","url":"https:\/\/www.rolldrap.com\/fr\/professionnel\/tabliers-et-blouses\/tabliers-et-blouses-de-cuisine\/tabliers-de-cuisine\/tablier-plastifie-de-couleur-blanche\/","name":"Tablier plastifi\u00e9 de couleur blanche &#8211; Roll Drap","isPartOf":{"@id":"https:\/\/www.rolldrap.com\/fr\/#website"},"primaryImageOfPage":{"@id":"https:\/\/www.rolldrap.com\/fr\/professionnel\/tabliers-et-blouses\/tabliers-et-blouses-de-cuisine\/tabliers-de-cuisine\/tablier-plastifie-de-couleur-blanche\/#primaryimage"},"image":{"@id":"https:\/\/www.rolldrap.com\/fr\/professionnel\/tabliers-et-blouses\/tabliers-et-blouses-de-cuisine\/tabliers-de-cuisine\/tablier-plastifie-de-couleur-blanche\/#primaryimage"},"thumbnailUrl":"https:\/\/www.rolldrap.com\/wp-content\/uploads\/2021\/09\/DP7590A03-101L-P01E_01-scaled.jpg","datePublished":"2021-09-29T23:20:21+00:00","breadcrumb":{"@id":"https:\/\/www.rolldrap.com\/fr\/professionnel\/tabliers-et-blouses\/tabliers-et-blouses-de-cuisine\/tabliers-de-cuisine\/tablier-plastifie-de-couleur-blanche\/#breadcrumb"},"inLanguage":"fr-FR","potentialAction":[{"@type":"ReadAction","target":["https:\/\/www.rolldrap.com\/fr\/professionnel\/tabliers-et-blouses\/tabliers-et-blouses-de-cuisine\/tabliers-de-cuisine\/tablier-plastifie-de-couleur-blanche\/"]}]},{"@type":"ImageObject","inLanguage":"fr-FR","@id":"https:\/\/www.rolldrap.com\/fr\/professionnel\/tabliers-et-blouses\/tabliers-et-blouses-de-cuisine\/tabliers-de-cuisine\/tablier-plastifie-de-couleur-blanche\/#primaryimage","url":"https:\/\/www.rolldrap.com\/wp-content\/uploads\/2021\/09\/DP7590A03-101L-P01E_01-scaled.jpg","contentUrl":"https:\/\/www.rolldrap.com\/wp-content\/uploads\/2021\/09\/DP7590A03-101L-P01E_01-scaled.jpg","width":2000,"height":3000},{"@type":"BreadcrumbList","@id":"https:\/\/www.rolldrap.com\/fr\/professionnel\/tabliers-et-blouses\/tabliers-et-blouses-de-cuisine\/tabliers-de-cuisine\/tablier-plastifie-de-couleur-blanche\/#breadcrumb","itemListElement":[{"@type":"ListItem","position":1,"name":"Portada","item":"https:\/\/www.rolldrap.com\/fr\/"},{"@type":"ListItem","position":2,"name":"Boutique","item":"https:\/\/www.rolldrap.com\/shop\/"},{"@type":"ListItem","position":3,"name":"Tablier plastifi\u00e9 de couleur blanche"}]},{"@type":"WebSite","@id":"https:\/\/www.rolldrap.com\/fr\/#website","url":"https:\/\/www.rolldrap.com\/fr\/","name":"Roll Drap","description":"Limpieza y protecci\u00f3n 100% algod\u00f3n","potentialAction":[{"@type":"SearchAction","target":{"@type":"EntryPoint","urlTemplate":"https:\/\/www.rolldrap.com\/fr\/?s={search_term_string}"},"query-input":{"@type":"PropertyValueSpecification","valueRequired":true,"valueName":"search_term_string"}}],"inLanguage":"fr-FR"}]}},"_links":{"self":[{"href":"https:\/\/www.rolldrap.com\/fr\/wp-json\/wp\/v2\/product\/6063","targetHints":{"allow":["GET"]}}],"collection":[{"href":"https:\/\/www.rolldrap.com\/fr\/wp-json\/wp\/v2\/product"}],"about":[{"href":"https:\/\/www.rolldrap.com\/fr\/wp-json\/wp\/v2\/types\/product"}],"replies":[{"embeddable":true,"href":"https:\/\/www.rolldrap.com\/fr\/wp-json\/wp\/v2\/comments?post=6063"}],"wp:featuredmedia":[{"embeddable":true,"href":"https:\/\/www.rolldrap.com\/fr\/wp-json\/wp\/v2\/media\/1735"}],"wp:attachment":[{"href":"https:\/\/www.rolldrap.com\/fr\/wp-json\/wp\/v2\/media?parent=6063"}],"wp:term":[{"taxonomy":"product_brand","embeddable":true,"href":"https:\/\/www.rolldrap.com\/fr\/wp-json\/wp\/v2\/product_brand?post=6063"},{"taxonomy":"product_cat","embeddable":true,"href":"https:\/\/www.rolldrap.com\/fr\/wp-json\/wp\/v2\/product_cat?post=6063"},{"taxonomy":"product_tag","embeddable":true,"href":"https:\/\/www.rolldrap.com\/fr\/wp-json\/wp\/v2\/product_tag?post=6063"}],"curies":[{"name":"wp","href":"https:\/\/api.w.org\/{rel}","templated":true}]}}