{"id":6110,"date":"2021-09-29T23:17:58","date_gmt":"2021-09-29T23:17:58","guid":{"rendered":"https:\/\/www.rolldrap.com\/non class\u00e9\/tablier-avec-poche-couleur-vert-anglais-2\/"},"modified":"2021-09-29T23:17:58","modified_gmt":"2021-09-29T23:17:58","slug":"tablier-avec-poche-couleur-vert-anglais-2","status":"publish","type":"product","link":"https:\/\/www.rolldrap.com\/fr\/nettoie-et-prend-soin-de-votre-maison\/tabliers\/tablier-avec-poche-couleur-vert-anglais-2\/","title":{"rendered":"Tablier avec poche, couleur vert anglais"},"content":{"rendered":"<p>Ce tablier avec poche, couleur vert anglais, ROLL DRAP, poss\u00e8de une finition antitache Protect qui assure la durabilit\u00e9 et la propret\u00e9 du produit. Ce traitement antitache et biocide pr\u00e9vient la formation de cultures bact\u00e9riennes dans le tissu. De plus, la composition de ce tablier avec poche de couleur noire en fait un tablier totalement exempt de fluorocarbures.  <\/p>\n<p>Chez ROLL DRAP, nous fabriquons 100 % de nos produits dans nos installations de Barcelone (Espagne), en misant totalement sur les fibres naturelles. Nous avons \u00e9limin\u00e9 le polyester des compositions de nos tissus de toutes nos gammes de produits afin de r\u00e9duire l\u2019impact environnemental. <\/p>\n","protected":false},"excerpt":{"rendered":"<p>Ce tablier avec poche, couleur vert anglais, ROLL DRAP, poss\u00e8de une finition antitache Protect qui assure la durabilit\u00e9 et la propret\u00e9 du produit. Ce traitement antitache et biocide pr\u00e9vient la formation de cultures bact\u00e9riennes dans le tissu. De plus, la composition de ce tablier avec poche de couleur noire en fait un tablier totalement exempt [&hellip;]<\/p>\n","protected":false},"featured_media":1712,"comment_status":"closed","ping_status":"closed","template":"","meta":{"_acf_changed":false},"product_brand":[],"product_cat":[190,194,192,204,201],"product_tag":[],"class_list":{"0":"post-6110","1":"product","2":"type-product","3":"status-publish","4":"has-post-thumbnail","6":"product_cat-nettoie-et-prend-soin-de-votre-maison","7":"product_cat-professionnel","8":"product_cat-tabliers","9":"product_cat-tabliers-a-bavette-et-poche-de-service","10":"product_cat-vert","11":"pa_formato-lot-de-1-unite","12":"product_finish-anti-taches","13":"product_finish-antibacterien-biocide","14":"product_size-taille-unique","15":"product_model_color-tablier-avec-poche","16":"product_color-vert-anglais","17":"product_details-100-coton","18":"product_details-absorption-maximale","19":"product_details-anti-taches-et-antibacterien","20":"product_details-avec-ruban-entonnoir","21":"product_details-resistant","22":"product_details-reutilisable","23":"product_details-taille-unique","24":"product_care-leau-de-javel-peut-etre-utilisee","25":"product_care-laver-en-machine-a-une-temperature-maximale-de-30-oc","26":"product_care-peut-etre-repasse-a-temperature-moyenne-max-150-oc","27":"product_care-peut-etre-seche-en-machine","29":"first","30":"instock","31":"taxable","32":"shipping-taxable","33":"purchasable","34":"product-type-simple"},"acf":[],"yoast_head":"<!-- This site is optimized with the Yoast SEO plugin v27.6 - https:\/\/yoast.com\/product\/yoast-seo-wordpress\/ -->\n<title>Tablier avec poche, couleur vert anglais &#8211; Roll Drap<\/title>\n<meta name=\"robots\" content=\"index, follow, max-snippet:-1, max-image-preview:large, max-video-preview:-1\" \/>\n<link rel=\"canonical\" href=\"https:\/\/www.rolldrap.com\/fr\/nettoie-et-prend-soin-de-votre-maison\/tabliers\/tablier-avec-poche-couleur-vert-anglais-2\/\" \/>\n<meta property=\"og:locale\" content=\"fr_FR\" \/>\n<meta property=\"og:type\" content=\"article\" \/>\n<meta property=\"og:title\" content=\"Tablier avec poche, couleur vert anglais &#8211; Roll Drap\" \/>\n<meta property=\"og:description\" content=\"Ce tablier avec poche, couleur vert anglais, ROLL DRAP, poss\u00e8de une finition antitache Protect qui assure la durabilit\u00e9 et la propret\u00e9 du produit. Ce traitement antitache et biocide pr\u00e9vient la formation de cultures bact\u00e9riennes dans le tissu. De plus, la composition de ce tablier avec poche de couleur noire en fait un tablier totalement exempt [&hellip;]\" \/>\n<meta property=\"og:url\" content=\"https:\/\/www.rolldrap.com\/fr\/nettoie-et-prend-soin-de-votre-maison\/tabliers\/tablier-avec-poche-couleur-vert-anglais-2\/\" \/>\n<meta property=\"og:site_name\" content=\"Roll Drap\" \/>\n<meta property=\"og:image\" content=\"https:\/\/www.rolldrap.com\/wp-content\/uploads\/2021\/09\/DB7590A03-501L-P01E_01-scaled.jpg\" \/>\n\t<meta property=\"og:image:width\" content=\"2000\" \/>\n\t<meta property=\"og:image:height\" content=\"3000\" \/>\n\t<meta property=\"og:image:type\" content=\"image\/jpeg\" \/>\n<meta name=\"twitter:card\" content=\"summary_large_image\" \/>\n<meta name=\"twitter:label1\" content=\"Dur\u00e9e de lecture estim\u00e9e\" \/>\n\t<meta name=\"twitter:data1\" content=\"1 minute\" \/>\n<script type=\"application\/ld+json\" class=\"yoast-schema-graph\">{\"@context\":\"https:\\\/\\\/schema.org\",\"@graph\":[{\"@type\":\"WebPage\",\"@id\":\"https:\\\/\\\/www.rolldrap.com\\\/fr\\\/nettoie-et-prend-soin-de-votre-maison\\\/tabliers\\\/tablier-avec-poche-couleur-vert-anglais-2\\\/\",\"url\":\"https:\\\/\\\/www.rolldrap.com\\\/fr\\\/nettoie-et-prend-soin-de-votre-maison\\\/tabliers\\\/tablier-avec-poche-couleur-vert-anglais-2\\\/\",\"name\":\"Tablier avec poche, couleur vert anglais &#8211; Roll Drap\",\"isPartOf\":{\"@id\":\"https:\\\/\\\/www.rolldrap.com\\\/fr\\\/#website\"},\"primaryImageOfPage\":{\"@id\":\"https:\\\/\\\/www.rolldrap.com\\\/fr\\\/nettoie-et-prend-soin-de-votre-maison\\\/tabliers\\\/tablier-avec-poche-couleur-vert-anglais-2\\\/#primaryimage\"},\"image\":{\"@id\":\"https:\\\/\\\/www.rolldrap.com\\\/fr\\\/nettoie-et-prend-soin-de-votre-maison\\\/tabliers\\\/tablier-avec-poche-couleur-vert-anglais-2\\\/#primaryimage\"},\"thumbnailUrl\":\"https:\\\/\\\/www.rolldrap.com\\\/wp-content\\\/uploads\\\/2021\\\/09\\\/DB7590A03-501L-P01E_01-scaled.jpg\",\"datePublished\":\"2021-09-29T23:17:58+00:00\",\"breadcrumb\":{\"@id\":\"https:\\\/\\\/www.rolldrap.com\\\/fr\\\/nettoie-et-prend-soin-de-votre-maison\\\/tabliers\\\/tablier-avec-poche-couleur-vert-anglais-2\\\/#breadcrumb\"},\"inLanguage\":\"fr-FR\",\"potentialAction\":[{\"@type\":\"ReadAction\",\"target\":[\"https:\\\/\\\/www.rolldrap.com\\\/fr\\\/nettoie-et-prend-soin-de-votre-maison\\\/tabliers\\\/tablier-avec-poche-couleur-vert-anglais-2\\\/\"]}]},{\"@type\":\"ImageObject\",\"inLanguage\":\"fr-FR\",\"@id\":\"https:\\\/\\\/www.rolldrap.com\\\/fr\\\/nettoie-et-prend-soin-de-votre-maison\\\/tabliers\\\/tablier-avec-poche-couleur-vert-anglais-2\\\/#primaryimage\",\"url\":\"https:\\\/\\\/www.rolldrap.com\\\/wp-content\\\/uploads\\\/2021\\\/09\\\/DB7590A03-501L-P01E_01-scaled.jpg\",\"contentUrl\":\"https:\\\/\\\/www.rolldrap.com\\\/wp-content\\\/uploads\\\/2021\\\/09\\\/DB7590A03-501L-P01E_01-scaled.jpg\",\"width\":2000,\"height\":3000},{\"@type\":\"BreadcrumbList\",\"@id\":\"https:\\\/\\\/www.rolldrap.com\\\/fr\\\/nettoie-et-prend-soin-de-votre-maison\\\/tabliers\\\/tablier-avec-poche-couleur-vert-anglais-2\\\/#breadcrumb\",\"itemListElement\":[{\"@type\":\"ListItem\",\"position\":1,\"name\":\"Portada\",\"item\":\"https:\\\/\\\/www.rolldrap.com\\\/fr\\\/\"},{\"@type\":\"ListItem\",\"position\":2,\"name\":\"Boutique\",\"item\":\"https:\\\/\\\/www.rolldrap.com\\\/shop\\\/\"},{\"@type\":\"ListItem\",\"position\":3,\"name\":\"Tablier avec poche, couleur vert anglais\"}]},{\"@type\":\"WebSite\",\"@id\":\"https:\\\/\\\/www.rolldrap.com\\\/fr\\\/#website\",\"url\":\"https:\\\/\\\/www.rolldrap.com\\\/fr\\\/\",\"name\":\"Roll Drap\",\"description\":\"Limpieza y protecci\u00f3n 100% algod\u00f3n\",\"potentialAction\":[{\"@type\":\"SearchAction\",\"target\":{\"@type\":\"EntryPoint\",\"urlTemplate\":\"https:\\\/\\\/www.rolldrap.com\\\/fr\\\/?s={search_term_string}\"},\"query-input\":{\"@type\":\"PropertyValueSpecification\",\"valueRequired\":true,\"valueName\":\"search_term_string\"}}],\"inLanguage\":\"fr-FR\"}]}<\/script>\n<!-- \/ Yoast SEO plugin. -->","yoast_head_json":{"title":"Tablier avec poche, couleur vert anglais &#8211; Roll Drap","robots":{"index":"index","follow":"follow","max-snippet":"max-snippet:-1","max-image-preview":"max-image-preview:large","max-video-preview":"max-video-preview:-1"},"canonical":"https:\/\/www.rolldrap.com\/fr\/nettoie-et-prend-soin-de-votre-maison\/tabliers\/tablier-avec-poche-couleur-vert-anglais-2\/","og_locale":"fr_FR","og_type":"article","og_title":"Tablier avec poche, couleur vert anglais &#8211; Roll Drap","og_description":"Ce tablier avec poche, couleur vert anglais, ROLL DRAP, poss\u00e8de une finition antitache Protect qui assure la durabilit\u00e9 et la propret\u00e9 du produit. Ce traitement antitache et biocide pr\u00e9vient la formation de cultures bact\u00e9riennes dans le tissu. De plus, la composition de ce tablier avec poche de couleur noire en fait un tablier totalement exempt [&hellip;]","og_url":"https:\/\/www.rolldrap.com\/fr\/nettoie-et-prend-soin-de-votre-maison\/tabliers\/tablier-avec-poche-couleur-vert-anglais-2\/","og_site_name":"Roll Drap","og_image":[{"width":2000,"height":3000,"url":"https:\/\/www.rolldrap.com\/wp-content\/uploads\/2021\/09\/DB7590A03-501L-P01E_01-scaled.jpg","type":"image\/jpeg"}],"twitter_card":"summary_large_image","twitter_misc":{"Dur\u00e9e de lecture estim\u00e9e":"1 minute"},"schema":{"@context":"https:\/\/schema.org","@graph":[{"@type":"WebPage","@id":"https:\/\/www.rolldrap.com\/fr\/nettoie-et-prend-soin-de-votre-maison\/tabliers\/tablier-avec-poche-couleur-vert-anglais-2\/","url":"https:\/\/www.rolldrap.com\/fr\/nettoie-et-prend-soin-de-votre-maison\/tabliers\/tablier-avec-poche-couleur-vert-anglais-2\/","name":"Tablier avec poche, couleur vert anglais &#8211; Roll Drap","isPartOf":{"@id":"https:\/\/www.rolldrap.com\/fr\/#website"},"primaryImageOfPage":{"@id":"https:\/\/www.rolldrap.com\/fr\/nettoie-et-prend-soin-de-votre-maison\/tabliers\/tablier-avec-poche-couleur-vert-anglais-2\/#primaryimage"},"image":{"@id":"https:\/\/www.rolldrap.com\/fr\/nettoie-et-prend-soin-de-votre-maison\/tabliers\/tablier-avec-poche-couleur-vert-anglais-2\/#primaryimage"},"thumbnailUrl":"https:\/\/www.rolldrap.com\/wp-content\/uploads\/2021\/09\/DB7590A03-501L-P01E_01-scaled.jpg","datePublished":"2021-09-29T23:17:58+00:00","breadcrumb":{"@id":"https:\/\/www.rolldrap.com\/fr\/nettoie-et-prend-soin-de-votre-maison\/tabliers\/tablier-avec-poche-couleur-vert-anglais-2\/#breadcrumb"},"inLanguage":"fr-FR","potentialAction":[{"@type":"ReadAction","target":["https:\/\/www.rolldrap.com\/fr\/nettoie-et-prend-soin-de-votre-maison\/tabliers\/tablier-avec-poche-couleur-vert-anglais-2\/"]}]},{"@type":"ImageObject","inLanguage":"fr-FR","@id":"https:\/\/www.rolldrap.com\/fr\/nettoie-et-prend-soin-de-votre-maison\/tabliers\/tablier-avec-poche-couleur-vert-anglais-2\/#primaryimage","url":"https:\/\/www.rolldrap.com\/wp-content\/uploads\/2021\/09\/DB7590A03-501L-P01E_01-scaled.jpg","contentUrl":"https:\/\/www.rolldrap.com\/wp-content\/uploads\/2021\/09\/DB7590A03-501L-P01E_01-scaled.jpg","width":2000,"height":3000},{"@type":"BreadcrumbList","@id":"https:\/\/www.rolldrap.com\/fr\/nettoie-et-prend-soin-de-votre-maison\/tabliers\/tablier-avec-poche-couleur-vert-anglais-2\/#breadcrumb","itemListElement":[{"@type":"ListItem","position":1,"name":"Portada","item":"https:\/\/www.rolldrap.com\/fr\/"},{"@type":"ListItem","position":2,"name":"Boutique","item":"https:\/\/www.rolldrap.com\/shop\/"},{"@type":"ListItem","position":3,"name":"Tablier avec poche, couleur vert anglais"}]},{"@type":"WebSite","@id":"https:\/\/www.rolldrap.com\/fr\/#website","url":"https:\/\/www.rolldrap.com\/fr\/","name":"Roll Drap","description":"Limpieza y protecci\u00f3n 100% algod\u00f3n","potentialAction":[{"@type":"SearchAction","target":{"@type":"EntryPoint","urlTemplate":"https:\/\/www.rolldrap.com\/fr\/?s={search_term_string}"},"query-input":{"@type":"PropertyValueSpecification","valueRequired":true,"valueName":"search_term_string"}}],"inLanguage":"fr-FR"}]}},"_links":{"self":[{"href":"https:\/\/www.rolldrap.com\/fr\/wp-json\/wp\/v2\/product\/6110","targetHints":{"allow":["GET"]}}],"collection":[{"href":"https:\/\/www.rolldrap.com\/fr\/wp-json\/wp\/v2\/product"}],"about":[{"href":"https:\/\/www.rolldrap.com\/fr\/wp-json\/wp\/v2\/types\/product"}],"replies":[{"embeddable":true,"href":"https:\/\/www.rolldrap.com\/fr\/wp-json\/wp\/v2\/comments?post=6110"}],"wp:featuredmedia":[{"embeddable":true,"href":"https:\/\/www.rolldrap.com\/fr\/wp-json\/wp\/v2\/media\/1712"}],"wp:attachment":[{"href":"https:\/\/www.rolldrap.com\/fr\/wp-json\/wp\/v2\/media?parent=6110"}],"wp:term":[{"taxonomy":"product_brand","embeddable":true,"href":"https:\/\/www.rolldrap.com\/fr\/wp-json\/wp\/v2\/product_brand?post=6110"},{"taxonomy":"product_cat","embeddable":true,"href":"https:\/\/www.rolldrap.com\/fr\/wp-json\/wp\/v2\/product_cat?post=6110"},{"taxonomy":"product_tag","embeddable":true,"href":"https:\/\/www.rolldrap.com\/fr\/wp-json\/wp\/v2\/product_tag?post=6110"}],"curies":[{"name":"wp","href":"https:\/\/api.w.org\/{rel}","templated":true}]}}